{"id":150352,"date":"2025-02-05T17:19:23","date_gmt":"2025-02-05T17:19:23","guid":{"rendered":"https:\/\/modalisboa.pt\/modalisboa-capital\/talks\/"},"modified":"2025-03-12T18:21:10","modified_gmt":"2025-03-12T18:21:10","slug":"talks","status":"publish","type":"page","link":"https:\/\/modalisboa.pt\/en\/modalisboa-capital\/talks\/","title":{"rendered":"Talks"},"content":{"rendered":"<p>[et_pb_section fb_built=&#8221;1&#8243; disabled_on=&#8221;on|on|on&#8221; admin_label=&#8221;Header&#8221; _builder_version=&#8221;4.27.4&#8243; _module_preset=&#8221;default&#8221; custom_padding=&#8221;0px||0px||false|false&#8221; da_disable_devices=&#8221;off|off|off&#8221; disabled=&#8221;on&#8221; locked=&#8221;off&#8221; global_colors_info=&#8221;{}&#8221; da_is_popup=&#8221;off&#8221; da_exit_intent=&#8221;off&#8221; da_has_close=&#8221;on&#8221; da_alt_close=&#8221;off&#8221; da_dark_close=&#8221;off&#8221; da_not_modal=&#8221;on&#8221; da_is_singular=&#8221;off&#8221; da_with_loader=&#8221;off&#8221; da_has_shadow=&#8221;on&#8221;][et_pb_row _builder_version=&#8221;4.16&#8243; _module_preset=&#8221;default&#8221; width=&#8221;100%&#8221; max_width=&#8221;2560px&#8221; custom_padding=&#8221;0px||0px||false|false&#8221; global_colors_info=&#8221;{}&#8221;][et_pb_column type=&#8221;4_4&#8243; _builder_version=&#8221;4.16&#8243; _module_preset=&#8221;default&#8221; global_colors_info=&#8221;{}&#8221;][et_pb_slider _builder_version=&#8221;4.27.4&#8243; _module_preset=&#8221;fdf34095-bc39-43c6-98b5-b76e816b2824&#8243; global_colors_info=&#8221;{}&#8221;][et_pb_slide _builder_version=&#8221;4.27.4&#8243; _module_preset=&#8221;default&#8221; body_font=&#8221;Inter||||||||&#8221; body_text_align=&#8221;left&#8221; body_text_color=&#8221;RGBA(255,255,255,0)&#8221; body_font_size=&#8221;20px&#8221; background_enable_color=&#8221;off&#8221; background_image=&#8221;https:\/\/modalisboa.pt\/wp-content\/uploads\/2025\/02\/talks_01.jpg&#8221; background_enable_image=&#8221;on&#8221; background_position=&#8221;top_center&#8221; background_vertical_offset=&#8221;66%&#8221; background_enable_video_mp4=&#8221;off&#8221; button_alignment=&#8221;left&#8221; background_last_edited=&#8221;on|phone&#8221; background_image_tablet=&#8221;https:\/\/modalisboa.pt\/wp-content\/uploads\/2025\/02\/talks_02-1.jpg&#8221; background_image_phone=&#8221;https:\/\/modalisboa.pt\/wp-content\/uploads\/2025\/02\/talks_03.jpg&#8221; background_enable_image_tablet=&#8221;on&#8221; background_enable_image_phone=&#8221;on&#8221; custom_css_slide_button=&#8221;pointer-events: none;&#8221; global_colors_info=&#8221;{}&#8221; sticky_transition=&#8221;on&#8221;][\/et_pb_slide][\/et_pb_slider][\/et_pb_column][\/et_pb_row][\/et_pb_section][et_pb_section fb_built=&#8221;1&#8243; custom_padding_last_edited=&#8221;on|tablet&#8221; admin_label=&#8221;Fast Talks&#8221; _builder_version=&#8221;4.27.2&#8243; _module_preset=&#8221;default&#8221; custom_padding_tablet=&#8221;0px||||false|false&#8221; custom_padding_phone=&#8221;0px||||false|false&#8221; da_disable_devices=&#8221;off|off|off&#8221; global_colors_info=&#8221;{}&#8221; da_is_popup=&#8221;off&#8221; da_exit_intent=&#8221;off&#8221; da_has_close=&#8221;on&#8221; da_alt_close=&#8221;off&#8221; da_dark_close=&#8221;off&#8221; da_not_modal=&#8221;on&#8221; da_is_singular=&#8221;off&#8221; da_with_loader=&#8221;off&#8221; da_has_shadow=&#8221;on&#8221;][et_pb_row _builder_version=&#8221;4.16&#8243; _module_preset=&#8221;default&#8221; width=&#8221;95%&#8221; width_tablet=&#8221;85%&#8221; width_phone=&#8221;85%&#8221; width_last_edited=&#8221;on|phone&#8221; max_width=&#8221;2560px&#8221; custom_padding=&#8221;||0px||false|true&#8221; global_colors_info=&#8221;{}&#8221;][et_pb_column type=&#8221;4_4&#8243; _builder_version=&#8221;4.16&#8243; _module_preset=&#8221;default&#8221; global_colors_info=&#8221;{}&#8221;][et_pb_text disabled_on=&#8221;off|off|off&#8221; admin_label=&#8221;Fast Talks&#8221; _builder_version=&#8221;4.27.4&#8243; _module_preset=&#8221;af543a65-a510-4d5a-bd0e-f29b21297a1d&#8221; custom_margin=&#8221;||25px||false|false&#8221; global_colors_info=&#8221;{}&#8221;]<\/p>\n<h2>FAST TALKS<\/h2>\n<p>Host<br \/><img loading=\"lazy\" decoding=\"async\" class=\"wp-image-152841 alignnone \" src=\"https:\/\/modalisboa.pt\/wp-content\/uploads\/2025\/02\/mude_museu_design.png\" alt=\"\" width=\"194\" height=\"39\"><\/p>\n<p>Partnership with<br \/><img loading=\"lazy\" decoding=\"async\" class=\"alignnone wp-image-152556 \" src=\"https:\/\/modalisboa.pt\/wp-content\/uploads\/2025\/02\/embaixada_italia.png\" alt=\"\" width=\"226\" height=\"71\" srcset=\"https:\/\/modalisboa.pt\/wp-content\/uploads\/2025\/02\/embaixada_italia.png 345w, https:\/\/modalisboa.pt\/wp-content\/uploads\/2025\/02\/embaixada_italia-300x95.png 300w\" sizes=\"(max-width: 226px) 100vw, 226px\" \/>\u00a0 <img loading=\"lazy\" decoding=\"async\" class=\"wp-image-152835 alignnone \" src=\"https:\/\/modalisboa.pt\/wp-content\/uploads\/2025\/02\/idd.png\" alt=\"\" width=\"132\" height=\"65\"><\/p>\n<p>[\/et_pb_text][et_pb_text disabled_on=&#8221;on|on|on&#8221; admin_label=&#8221;Link registo&#8221; _builder_version=&#8221;4.27.4&#8243; _module_preset=&#8221;af543a65-a510-4d5a-bd0e-f29b21297a1d&#8221; custom_margin=&#8221;||25px||false|false&#8221; disabled=&#8221;on&#8221; global_colors_info=&#8221;{}&#8221;]<\/p>\n<p><strong>MARCH 6<br \/>4:00PM &#8211; 8:50PM<\/strong><br \/><strong>MUDE &#8211; MUSEU DO DESIGN<\/strong><\/p>\n<p>FREE ENTRY, WITH <strong>MANDATORY REGISTRATION<\/strong><br \/>FAST TALKS REGISTRATION, <a href=\"https:\/\/modalisboa.backstageportal.com\/form\/pNE05Zv_49H\" target=\"_blank\" rel=\"noopener\">HERE<\/a><br \/>JUNK DOCUMENTARY REGISTRATION, <a href=\"https:\/\/modalisboa.backstageportal.com\/form\/1kvGyR32XzO\" target=\"_blank\" rel=\"noopener\">HERE<\/a><\/p>\n<p>&nbsp;<\/p>\n<p>[\/et_pb_text][et_pb_text disabled_on=&#8221;off|off|off&#8221; admin_label=&#8221;Texto&#8221; _builder_version=&#8221;4.27.4&#8243; _module_preset=&#8221;af543a65-a510-4d5a-bd0e-f29b21297a1d&#8221; custom_margin=&#8221;||25px||false|false&#8221; global_colors_info=&#8221;{}&#8221;]<\/p>\n<p>Lisboa Fashion Week\u2019s <strong>FAST TALKS<\/strong> returned to <strong>MUDE \u2013 Museu do Design<\/strong>, with a programme of workshops, conferences, and a documentary in partnership with the <strong>Italian Embassy in Lisbon<\/strong>, as part of<strong> Italian Design Day<\/strong>. Moderated by Rui Maria P\u00eago, this reflective platform brought together leading voices to discuss the environmental and social impact of the industry. From the <strong>&#8220;Designing Change&#8221;<\/strong> workshop with <strong>Matteo Ward<\/strong> to the conferences <strong>&#8220;Cultural Capital: An industry under the influence&#8221;<\/strong> and <strong>&#8220;Social Capital: Design as a catalyst for change&#8221;<\/strong>, culminating in the screening of episodes from the <strong>documentary series JUNK<\/strong>, each moment served as an opportunity for analysis and strategic projection, reaffirming the need for a collective commitment to ethical and sustainable fashion.<\/p>\n<p>&nbsp;<\/p>\n<p>[\/et_pb_text][\/et_pb_column][\/et_pb_row][et_pb_row _builder_version=&#8221;4.16&#8243; _module_preset=&#8221;default&#8221; width=&#8221;95%&#8221; width_tablet=&#8221;85%&#8221; width_phone=&#8221;85%&#8221; width_last_edited=&#8221;on|phone&#8221; max_width=&#8221;2560px&#8221; custom_padding=&#8221;0px||||false|false&#8221; global_colors_info=&#8221;{}&#8221;][et_pb_column type=&#8221;4_4&#8243; _builder_version=&#8221;4.16&#8243; _module_preset=&#8221;default&#8221; global_colors_info=&#8221;{}&#8221;][et_pb_blog posts_number=&#8221;100&#8243; include_categories=&#8221;471&#8243; _builder_version=&#8221;4.27.4&#8243; _module_preset=&#8221;9870ccd6-911c-4e10-af7b-c4e0d73c3e90&#8243; global_colors_info=&#8221;{}&#8221;][\/et_pb_blog][\/et_pb_column][\/et_pb_row][\/et_pb_section][et_pb_section fb_built=&#8221;1&#8243; custom_padding_last_edited=&#8221;on|tablet&#8221; admin_label=&#8221;Di\u00e1logos&#8221; _builder_version=&#8221;4.27.2&#8243; _module_preset=&#8221;default&#8221; custom_padding_tablet=&#8221;0px||||false|false&#8221; custom_padding_phone=&#8221;0px||||false|false&#8221; da_disable_devices=&#8221;off|off|off&#8221; global_colors_info=&#8221;{}&#8221; da_is_popup=&#8221;off&#8221; da_exit_intent=&#8221;off&#8221; da_has_close=&#8221;on&#8221; da_alt_close=&#8221;off&#8221; da_dark_close=&#8221;off&#8221; da_not_modal=&#8221;on&#8221; da_is_singular=&#8221;off&#8221; da_with_loader=&#8221;off&#8221; da_has_shadow=&#8221;on&#8221;][et_pb_row _builder_version=&#8221;4.16&#8243; _module_preset=&#8221;default&#8221; width=&#8221;95%&#8221; width_tablet=&#8221;85%&#8221; width_phone=&#8221;85%&#8221; width_last_edited=&#8221;on|phone&#8221; max_width=&#8221;2560px&#8221; custom_padding=&#8221;||0px||false|true&#8221; global_colors_info=&#8221;{}&#8221;][et_pb_column type=&#8221;4_4&#8243; _builder_version=&#8221;4.16&#8243; _module_preset=&#8221;default&#8221; global_colors_info=&#8221;{}&#8221;][et_pb_text disabled_on=&#8221;off|off|off&#8221; admin_label=&#8221;Di\u00e1logos&#8221; _builder_version=&#8221;4.27.4&#8243; _module_preset=&#8221;af543a65-a510-4d5a-bd0e-f29b21297a1d&#8221; custom_margin=&#8221;||25px||false|false&#8221; global_colors_info=&#8221;{}&#8221;]<\/p>\n<h2>DI\u00c1LOGOS<\/h2>\n<p>Partner<br \/><img loading=\"lazy\" decoding=\"async\" class=\"alignnone wp-image-152538 \" src=\"https:\/\/modalisboa.pt\/wp-content\/uploads\/2025\/02\/cam_gulbenkian.png\" alt=\"\" width=\"266\" height=\"44\" srcset=\"https:\/\/modalisboa.pt\/wp-content\/uploads\/2025\/02\/cam_gulbenkian.png 399w, https:\/\/modalisboa.pt\/wp-content\/uploads\/2025\/02\/cam_gulbenkian-300x50.png 300w\" sizes=\"(max-width: 266px) 100vw, 266px\" \/><\/p>\n<p>[\/et_pb_text][et_pb_text disabled_on=&#8221;off|off|off&#8221; admin_label=&#8221;Texto&#8221; _builder_version=&#8221;4.27.4&#8243; _module_preset=&#8221;af543a65-a510-4d5a-bd0e-f29b21297a1d&#8221; custom_margin=&#8221;||25px||false|false&#8221; hover_enabled=&#8221;0&#8243; global_colors_info=&#8221;{}&#8221; sticky_enabled=&#8221;0&#8243;]<\/p>\n<p>Lisboa Fashion Week arrived at the <strong>CAM \u2013 Centro de Arte Moderna Gulbenkian,<\/strong> with a multidisciplinary programme designed to understand the ongoing encounters between Fashion and Visual Arts. Three <em><strong>Di\u00e1logos <\/strong><\/em>between artists and designers \u2014 <strong>Adriana Progan\u00f3 with Diogo Mestre; Jo\u00e3o Pedro Vale and Nuno Alexandre Ferreira with Marta Gon\u00e7alves; Mikhail Karikis with Lidija Kolovrat<\/strong> \u2014 opened a space for the intersection of languages and processes, establishing a territory of intellectual exchange and aesthetic provocation.<\/p>\n<p>[\/et_pb_text][\/et_pb_column][\/et_pb_row][et_pb_row _builder_version=&#8221;4.16&#8243; _module_preset=&#8221;default&#8221; width=&#8221;95%&#8221; width_tablet=&#8221;85%&#8221; width_phone=&#8221;85%&#8221; width_last_edited=&#8221;on|phone&#8221; max_width=&#8221;2560px&#8221; custom_padding=&#8221;0px||||false|false&#8221; global_colors_info=&#8221;{}&#8221;][et_pb_column type=&#8221;4_4&#8243; _builder_version=&#8221;4.16&#8243; _module_preset=&#8221;default&#8221; global_colors_info=&#8221;{}&#8221;][et_pb_blog posts_number=&#8221;100&#8243; include_categories=&#8221;483&#8243; _builder_version=&#8221;4.27.4&#8243; _module_preset=&#8221;9870ccd6-911c-4e10-af7b-c4e0d73c3e90&#8243; global_colors_info=&#8221;{}&#8221;][\/et_pb_blog][\/et_pb_column][\/et_pb_row][\/et_pb_section]<\/p>\n","protected":false},"excerpt":{"rendered":"<p>Talks | ModaLisboa Capital<\/p>\n","protected":false},"author":2,"featured_media":0,"parent":150306,"menu_order":5,"comment_status":"closed","ping_status":"closed","template":"","meta":{"_acf_changed":false,"_et_pb_use_builder":"on","_et_pb_old_content":"","_et_gb_content_width":"","inline_featured_image":false,"footnotes":""},"class_list":["post-150352","page","type-page","status-publish","hentry"],"acf":[],"_links":{"self":[{"href":"https:\/\/modalisboa.pt\/en\/wp-json\/wp\/v2\/pages\/150352","targetHints":{"allow":["GET"]}}],"collection":[{"href":"https:\/\/modalisboa.pt\/en\/wp-json\/wp\/v2\/pages"}],"about":[{"href":"https:\/\/modalisboa.pt\/en\/wp-json\/wp\/v2\/types\/page"}],"author":[{"embeddable":true,"href":"https:\/\/modalisboa.pt\/en\/wp-json\/wp\/v2\/users\/2"}],"replies":[{"embeddable":true,"href":"https:\/\/modalisboa.pt\/en\/wp-json\/wp\/v2\/comments?post=150352"}],"version-history":[{"count":5,"href":"https:\/\/modalisboa.pt\/en\/wp-json\/wp\/v2\/pages\/150352\/revisions"}],"predecessor-version":[{"id":160202,"href":"https:\/\/modalisboa.pt\/en\/wp-json\/wp\/v2\/pages\/150352\/revisions\/160202"}],"up":[{"embeddable":true,"href":"https:\/\/modalisboa.pt\/en\/wp-json\/wp\/v2\/pages\/150306"}],"wp:attachment":[{"href":"https:\/\/modalisboa.pt\/en\/wp-json\/wp\/v2\/media?parent=150352"}],"curies":[{"name":"wp","href":"https:\/\/api.w.org\/{rel}","templated":true}]}}