{"id":172026,"date":"2025-07-31T14:50:50","date_gmt":"2025-07-31T14:50:50","guid":{"rendered":"https:\/\/modalisboa.pt\/modalisboa-base\/welcome\/"},"modified":"2025-10-23T11:25:13","modified_gmt":"2025-10-23T11:25:13","slug":"welcome","status":"publish","type":"page","link":"https:\/\/modalisboa.pt\/en\/modalisboa-base\/welcome\/","title":{"rendered":"Welcome"},"content":{"rendered":"<p>[et_pb_section fb_built=&#8221;1&#8243; disabled_on=&#8221;off|off|off&#8221; admin_label=&#8221;Header&#8221; _builder_version=&#8221;4.24.0&#8243; _module_preset=&#8221;default&#8221; custom_padding=&#8221;0px||0px||false|false&#8221; da_disable_devices=&#8221;off|off|off&#8221; locked=&#8221;off&#8221; global_colors_info=&#8221;{}&#8221; da_is_popup=&#8221;off&#8221; da_exit_intent=&#8221;off&#8221; da_has_close=&#8221;on&#8221; da_alt_close=&#8221;off&#8221; da_dark_close=&#8221;off&#8221; da_not_modal=&#8221;on&#8221; da_is_singular=&#8221;off&#8221; da_with_loader=&#8221;off&#8221; da_has_shadow=&#8221;on&#8221;][et_pb_row _builder_version=&#8221;4.16&#8243; _module_preset=&#8221;default&#8221; width=&#8221;100%&#8221; max_width=&#8221;2560px&#8221; custom_padding=&#8221;0px||0px||false|false&#8221; global_colors_info=&#8221;{}&#8221;][et_pb_column type=&#8221;4_4&#8243; _builder_version=&#8221;4.16&#8243; _module_preset=&#8221;default&#8221; global_colors_info=&#8221;{}&#8221;][et_pb_slider _builder_version=&#8221;4.27.4&#8243; _module_preset=&#8221;fdf34095-bc39-43c6-98b5-b76e816b2824&#8243; hover_enabled=&#8221;0&#8243; global_colors_info=&#8221;{}&#8221; sticky_enabled=&#8221;0&#8243;][et_pb_slide _builder_version=&#8221;4.27.4&#8243; _module_preset=&#8221;default&#8221; body_font=&#8221;Inter||||||||&#8221; body_text_align=&#8221;left&#8221; body_text_color=&#8221;RGBA(255,255,255,0)&#8221; body_font_size=&#8221;20px&#8221; background_enable_color=&#8221;off&#8221; background_image=&#8221;https:\/\/modalisboa.pt\/wp-content\/uploads\/2025\/10\/modalisboa_base_catwalk_01.jpg&#8221; background_enable_image=&#8221;on&#8221; background_position=&#8221;top_center&#8221; background_enable_video_mp4=&#8221;off&#8221; button_alignment=&#8221;left&#8221; hover_enabled=&#8221;0&#8243; background_last_edited=&#8221;on|phone&#8221; background_image_tablet=&#8221;https:\/\/modalisboa.pt\/wp-content\/uploads\/2025\/10\/modalisboa_base_catwalk_02.jpg&#8221; background_image_phone=&#8221;https:\/\/modalisboa.pt\/wp-content\/uploads\/2025\/10\/modalisboa_base_catwalk_03.jpg&#8221; background_enable_image_tablet=&#8221;on&#8221; background_enable_image_phone=&#8221;on&#8221; custom_css_slide_button=&#8221;pointer-events: none;&#8221; global_colors_info=&#8221;{}&#8221; sticky_transition=&#8221;on&#8221; sticky_enabled=&#8221;0&#8243;][\/et_pb_slide][\/et_pb_slider][\/et_pb_column][\/et_pb_row][\/et_pb_section][et_pb_section fb_built=&#8221;1&#8243; disabled_on=&#8221;on|on|on&#8221; admin_label=&#8221;Texto ModaLisboa Base&#8221; _builder_version=&#8221;4.27.4&#8243; _module_preset=&#8221;default&#8221; custom_padding=&#8221;||||false|false&#8221; da_disable_devices=&#8221;off|off|off&#8221; disabled=&#8221;on&#8221; global_colors_info=&#8221;{}&#8221; da_is_popup=&#8221;off&#8221; da_exit_intent=&#8221;off&#8221; da_has_close=&#8221;on&#8221; da_alt_close=&#8221;off&#8221; da_dark_close=&#8221;off&#8221; da_not_modal=&#8221;on&#8221; da_is_singular=&#8221;off&#8221; da_with_loader=&#8221;off&#8221; da_has_shadow=&#8221;on&#8221;][et_pb_row _builder_version=&#8221;4.24.0&#8243; _module_preset=&#8221;8a327be8-7492-412f-993e-855520c01073&#8243; width=&#8221;70%&#8221; width_tablet=&#8221;85%&#8221; width_phone=&#8221;85%&#8221; width_last_edited=&#8221;on|phone&#8221; custom_margin=&#8221;||||false|false&#8221; custom_padding=&#8221;||||false|false&#8221; global_colors_info=&#8221;{}&#8221;][et_pb_column type=&#8221;4_4&#8243; _builder_version=&#8221;4.16&#8243; _module_preset=&#8221;default&#8221; background_enable_image=&#8221;off&#8221; background_last_edited=&#8221;on|tablet&#8221; background_enable_image_tablet=&#8221;off&#8221; global_colors_info=&#8221;{}&#8221;][et_pb_text admin_label=&#8221;Texto&#8221; _builder_version=&#8221;4.27.4&#8243; _module_preset=&#8221;af543a65-a510-4d5a-bd0e-f29b21297a1d&#8221; custom_margin=&#8221;30px||0px||false|false&#8221; global_colors_info=&#8221;{}&#8221;]<\/p>\n<h2><strong>MODALISBOA BASE<\/strong><\/h2>\n<p>&nbsp;<\/p>\n<p>A 65\u00aa Lisboa Fashion Week, <strong>MODALISBOA BASE,<\/strong>\u00a0realiza-se, em coorganiza\u00e7\u00e3o com a <strong>C\u00e2mara Municipal de Lisboa<\/strong>, de <strong>1 a 5 de outubro de 2025<\/strong>.<\/p>\n<p>[\/et_pb_text][\/et_pb_column][\/et_pb_row][\/et_pb_section][et_pb_section fb_built=&#8221;1&#8243; disabled_on=&#8221;off|off|off&#8221; admin_label=&#8221;Welcome&#8221; _builder_version=&#8221;4.27.4&#8243; _module_preset=&#8221;default&#8221; custom_padding=&#8221;||||false|false&#8221; da_disable_devices=&#8221;off|off|off&#8221; collapsed=&#8221;off&#8221; global_colors_info=&#8221;{}&#8221; da_is_popup=&#8221;off&#8221; da_exit_intent=&#8221;off&#8221; da_has_close=&#8221;on&#8221; da_alt_close=&#8221;off&#8221; da_dark_close=&#8221;off&#8221; da_not_modal=&#8221;on&#8221; da_is_singular=&#8221;off&#8221; da_with_loader=&#8221;off&#8221; da_has_shadow=&#8221;on&#8221;][et_pb_row column_structure=&#8221;1_4,3_4&#8243; _builder_version=&#8221;4.16&#8243; _module_preset=&#8221;8a327be8-7492-412f-993e-855520c01073&#8243; width=&#8221;70%&#8221; width_tablet=&#8221;85%&#8221; width_phone=&#8221;85%&#8221; width_last_edited=&#8221;on|phone&#8221; custom_margin=&#8221;||||false|false&#8221; custom_padding=&#8221;||||false|false&#8221; global_colors_info=&#8221;{}&#8221;][et_pb_column type=&#8221;1_4&#8243; _builder_version=&#8221;4.16&#8243; _module_preset=&#8221;default&#8221; background_enable_image=&#8221;off&#8221; background_last_edited=&#8221;on|tablet&#8221; background_enable_image_tablet=&#8221;off&#8221; global_colors_info=&#8221;{}&#8221;][et_pb_image src=&#8221;https:\/\/modalisboa.pt\/wp-content\/uploads\/2022\/04\/welcome_carlosmoedas.jpg&#8221; title_text=&#8221;welcome_carlosmoedas&#8221; force_fullwidth=&#8221;off&#8221; src_tablet=&#8221;https:\/\/modalisboa.pt\/wp-content\/uploads\/2022\/03\/behen-648&#215;969-upscale1.jpg&#8221; src_phone=&#8221;https:\/\/modalisboa.pt\/wp-content\/uploads\/2022\/03\/behen-648&#215;969-upscale1.jpg&#8221; src_last_edited=&#8221;off|desktop&#8221; align_tablet=&#8221;left&#8221; align_phone=&#8221;center&#8221; align_last_edited=&#8221;on|phone&#8221; admin_label=&#8221;Foto Presidente CML&#8221; _builder_version=&#8221;4.19.5&#8243; _module_preset=&#8221;bbba922f-0723-48b4-bbed-e1276e096c40&#8243; width=&#8221;100%&#8221; width_tablet=&#8221;50%&#8221; width_phone=&#8221;75%&#8221; width_last_edited=&#8221;on|phone&#8221; global_colors_info=&#8221;{}&#8221;][\/et_pb_image][\/et_pb_column][et_pb_column type=&#8221;3_4&#8243; _builder_version=&#8221;4.16&#8243; _module_preset=&#8221;default&#8221; global_colors_info=&#8221;{}&#8221;][et_pb_text admin_label=&#8221;Nome&#8221; _builder_version=&#8221;4.27.2&#8243; _module_preset=&#8221;af543a65-a510-4d5a-bd0e-f29b21297a1d&#8221; locked=&#8221;off&#8221; global_colors_info=&#8221;{}&#8221;]<\/p>\n<h2>CARLOS MOEDAS<\/h2>\n<p>[\/et_pb_text][et_pb_text admin_label=&#8221;Texto&#8221; _builder_version=&#8221;4.27.4&#8243; _module_preset=&#8221;af543a65-a510-4d5a-bd0e-f29b21297a1d&#8221; custom_margin=&#8221;30px||0px||false|false&#8221; global_colors_info=&#8221;{}&#8221;]<\/p>\n<p><span style=\"text-decoration: underline;\">Mayor of Lisbon<\/span><\/p>\n<p>The largest Fashion event in Portugal returns on October 1st, turning Lisbon into a stage for designers and artists, creators and spectators, entrepreneurs and technicians, for established talent and the emerging talent that finds in MODALISBOA its launching platform. All of this within a vibrant dynamic that reflects exactly how I see Lisbon: as a city of opportunities, where the impossible can become possible.<\/p>\n<p>MODALISBOA shows us precisely that. First of all, through what it proposes to us. In this 65th edition, it invites us to go back to the foundations, to the very core of Fashion \u2014 or, if we wish to borrow terms dear to speculative thought, it invites us not to focus on form, but rather on the matter that constitutes the form of Fashion. This idea is essential today, and not only in the world of Fashion; it is equally vital when we think about politics, society, and the economy, to reflect more on deep foundations than on superficial forms. In that regard, MODALISBOA is once again contributing to a fundamental debate.<\/p>\n<p>But it is not only what it proposes that matters: it is also how MODALISBOA does it. It does so by intersecting different areas of knowledge, different techniques, different experiences. It brings together Fashion shows with thematic debates, workshops and exhibitions, emerging designers and established names\u2014precisely the method that enables the creation of new concepts, new languages, new visions.<\/p>\n<p>And this brings me to the final point. By doing all of this, MODALISBOA opens up the entire world of Fashion to the people of Lisbon and to everyone visiting the city. Be it at MUDE, a must-go location for Fashion in Europe, be at its new Fashion House or through the programming that will bring life into Avenida da Liberdade. All across the city we will feel the impact of this major Fashion event.<\/p>\n<p>Thanks to this remarkable work, between October 1st and 5th Lisbon will be the center of the Fashion world. I\u2019ll find you there.<\/p>\n<p>&nbsp;<\/p>\n<p>[\/et_pb_text][\/et_pb_column][\/et_pb_row][et_pb_row column_structure=&#8221;1_4,3_4&#8243; _builder_version=&#8221;4.16&#8243; _module_preset=&#8221;8a327be8-7492-412f-993e-855520c01073&#8243; width=&#8221;70%&#8221; width_tablet=&#8221;85%&#8221; width_phone=&#8221;85%&#8221; width_last_edited=&#8221;on|phone&#8221; custom_padding=&#8221;||||false|false&#8221; locked=&#8221;off&#8221; global_colors_info=&#8221;{}&#8221;][et_pb_column type=&#8221;1_4&#8243; _builder_version=&#8221;4.16&#8243; _module_preset=&#8221;default&#8221; background_enable_image=&#8221;off&#8221; background_last_edited=&#8221;on|tablet&#8221; background_enable_image_tablet=&#8221;off&#8221; global_colors_info=&#8221;{}&#8221;][et_pb_image src=&#8221;https:\/\/modalisboa.pt\/wp-content\/uploads\/2024\/02\/welcome_eduarda_abbondanza.jpg&#8221; title_text=&#8221;welcome_eduarda_abbondanza&#8221; force_fullwidth=&#8221;off&#8221; src_tablet=&#8221;https:\/\/modalisboa.pt\/wp-content\/uploads\/2022\/03\/behen-648&#215;969-upscale1.jpg&#8221; src_phone=&#8221;https:\/\/modalisboa.pt\/wp-content\/uploads\/2022\/03\/behen-648&#215;969-upscale1.jpg&#8221; src_last_edited=&#8221;off|desktop&#8221; align_tablet=&#8221;left&#8221; align_phone=&#8221;center&#8221; align_last_edited=&#8221;on|tablet&#8221; admin_label=&#8221;Foto Presidente Mlx&#8221; _builder_version=&#8221;4.27.0&#8243; _module_preset=&#8221;bbba922f-0723-48b4-bbed-e1276e096c40&#8243; width=&#8221;100%&#8221; width_tablet=&#8221;50%&#8221; width_phone=&#8221;75%&#8221; width_last_edited=&#8221;on|phone&#8221; global_colors_info=&#8221;{}&#8221;][\/et_pb_image][\/et_pb_column][et_pb_column type=&#8221;3_4&#8243; _builder_version=&#8221;4.16&#8243; _module_preset=&#8221;default&#8221; global_colors_info=&#8221;{}&#8221;][et_pb_text admin_label=&#8221;Nome&#8221; _builder_version=&#8221;4.27.4&#8243; _module_preset=&#8221;af543a65-a510-4d5a-bd0e-f29b21297a1d&#8221; locked=&#8221;off&#8221; global_colors_info=&#8221;{}&#8221;]<\/p>\n<h2>EDUARDA ABBONDANZA<\/h2>\n<p>[\/et_pb_text][et_pb_text admin_label=&#8221;Texto&#8221; _builder_version=&#8221;4.27.4&#8243; _module_preset=&#8221;af543a65-a510-4d5a-bd0e-f29b21297a1d&#8221; custom_margin=&#8221;30px||0px||false|false&#8221; global_colors_info=&#8221;{}&#8221;]<\/p>\n<p><span style=\"text-decoration: underline;\">President of Associa\u00e7\u00e3o ModaLisboa<\/span><\/p>\n<p>Reaching a BASE also means accepting the responsibility of building upon it. It\u2019s not just a starting point; it\u2019s the place where we decide whether to raise something solid or merely another fa\u00e7ade. For me, this edition of ModaLisboa is about that: acknowledging what structures us and understanding how we can grow with clarity, consistency, and purpose.<\/p>\n<p>MODALISBOA BASE is an edition that does not seek formulas. It approaches Fashion not as an isolated act, but as work that crosses people, systems, and languages. It began, like all others, with a base of questions. But these, besides being different, have gained decisive weight: how do we reinvent our operation? How do we create real impact \u2014 social, economic \u2014 in a system in transition? How do we stimulate our Designers\u2019 businesses in an increasingly global city?<\/p>\n<p>So, we expanded our creativity. In a surgical and strategic way. In co-organization with the Municipality of Lisboa, with a new Portugal Events program from Turismo de Portugal, and with the increasingly vital support of sectoral associations, partners, and sponsors, we have grown in time, in space, and in scope. This is the official invitation to join us in the vast free-admission programming of Lisboa Fashion Week, and the welcome to another season of collections by national Designers \u2014 the base of everything we do.<\/p>\n<p>What matters to us, as a project, is to reinforce the idea that Fashion is collective construction. Made of professionals, of community, of the curious; made of creation and entrepreneurship; made of artisanal heritage, sustainability, and technology. It is from this mixture that any real possibility of future emerges. It is from this base that everything begins.<\/p>\n<p>Welcome to ModaLisboa.<\/p>\n<p>[\/et_pb_text][\/et_pb_column][\/et_pb_row][\/et_pb_section][et_pb_section fb_built=&#8221;1&#8243; disabled_on=&#8221;on|on|on&#8221; admin_label=&#8221;Boas Pr\u00e1ticas&#8221; _builder_version=&#8221;4.27.4&#8243; _module_preset=&#8221;default&#8221; background_color=&#8221;#F3F3F3&#8243; custom_padding=&#8221;||||false|false&#8221; da_disable_devices=&#8221;off|off|off&#8221; disabled=&#8221;on&#8221; global_colors_info=&#8221;{}&#8221; da_is_popup=&#8221;off&#8221; da_exit_intent=&#8221;off&#8221; da_has_close=&#8221;on&#8221; da_alt_close=&#8221;off&#8221; da_dark_close=&#8221;off&#8221; da_not_modal=&#8221;on&#8221; da_is_singular=&#8221;off&#8221; da_with_loader=&#8221;off&#8221; da_has_shadow=&#8221;on&#8221;][et_pb_row _builder_version=&#8221;4.24.0&#8243; _module_preset=&#8221;8a327be8-7492-412f-993e-855520c01073&#8243; width=&#8221;70%&#8221; width_tablet=&#8221;85%&#8221; width_phone=&#8221;85%&#8221; width_last_edited=&#8221;on|phone&#8221; custom_margin=&#8221;||||false|false&#8221; custom_padding=&#8221;||||false|false&#8221; global_colors_info=&#8221;{}&#8221;][et_pb_column type=&#8221;4_4&#8243; _builder_version=&#8221;4.16&#8243; _module_preset=&#8221;default&#8221; background_enable_image=&#8221;off&#8221; background_last_edited=&#8221;on|tablet&#8221; background_enable_image_tablet=&#8221;off&#8221; global_colors_info=&#8221;{}&#8221;][et_pb_text admin_label=&#8221;Boas Pr\u00e1ticas&#8221; _builder_version=&#8221;4.27.4&#8243; _module_preset=&#8221;af543a65-a510-4d5a-bd0e-f29b21297a1d&#8221; header_2_text_align_tablet=&#8221;center&#8221; header_2_text_align_phone=&#8221;center&#8221; header_2_text_align_last_edited=&#8221;on|tablet&#8221; text_orientation_tablet=&#8221;center&#8221; text_orientation_phone=&#8221;center&#8221; text_orientation_last_edited=&#8221;on|desktop&#8221; global_colors_info=&#8221;{}&#8221;]<\/p>\n<h2><strong>GOOD PRACTICE<\/strong><\/h2>\n<p>[\/et_pb_text][et_pb_text admin_label=&#8221;Texto&#8221; _builder_version=&#8221;4.27.4&#8243; _module_preset=&#8221;af543a65-a510-4d5a-bd0e-f29b21297a1d&#8221; custom_margin=&#8221;30px||0px||false|false&#8221; global_colors_info=&#8221;{}&#8221;]<\/p>\n<p>The ModaLisboa Association embraces sustainability as one of the core pillars of its mission, acknowledging the responsibility to reduce the environmental and social impact of Lisboa Fashion Week and to contribute to a more conscious future. This path requires rigour and transparency, which is why we will begin a process of mapping the event&#8217;s impact, enabling us to define objective metrics and set increasingly ambitious goals. It is a collective effort that is only possible through the active participation of all partners, sponsors, suppliers, and stakeholders. The Sustainability Good Practice Guide is our shared starting point, but we believe that together we can go beyond it, turning each action into a meaningful contribution to Fashion, to Lisbon, and to society.<\/p>\n<p><a href=\"https:\/\/modalisboa.pt\/wp-content\/uploads\/2025\/09\/guia_boas_praticas.pdf\" target=\"_blank\" rel=\"noopener\"><strong>GOOD PRACTICE GUIDE &gt;<\/strong><\/a><\/p>\n<p>[\/et_pb_text][\/et_pb_column][\/et_pb_row][\/et_pb_section][et_pb_section fb_built=&#8221;1&#8243; disabled_on=&#8221;off|off|off&#8221; admin_label=&#8221;Agradecimentos&#8221; _builder_version=&#8221;4.27.4&#8243; _module_preset=&#8221;default&#8221; custom_padding=&#8221;||||false|false&#8221; da_disable_devices=&#8221;off|off|off&#8221; global_colors_info=&#8221;{}&#8221; da_is_popup=&#8221;off&#8221; da_exit_intent=&#8221;off&#8221; da_has_close=&#8221;on&#8221; da_alt_close=&#8221;off&#8221; da_dark_close=&#8221;off&#8221; da_not_modal=&#8221;on&#8221; da_is_singular=&#8221;off&#8221; da_with_loader=&#8221;off&#8221; da_has_shadow=&#8221;on&#8221;][et_pb_row _builder_version=&#8221;4.24.0&#8243; _module_preset=&#8221;8a327be8-7492-412f-993e-855520c01073&#8243; width=&#8221;70%&#8221; width_tablet=&#8221;85%&#8221; width_phone=&#8221;85%&#8221; width_last_edited=&#8221;on|phone&#8221; custom_margin=&#8221;||||false|false&#8221; custom_padding=&#8221;||||false|false&#8221; global_colors_info=&#8221;{}&#8221;][et_pb_column type=&#8221;4_4&#8243; _builder_version=&#8221;4.16&#8243; _module_preset=&#8221;default&#8221; background_enable_image=&#8221;off&#8221; background_last_edited=&#8221;on|tablet&#8221; background_enable_image_tablet=&#8221;off&#8221; global_colors_info=&#8221;{}&#8221;][et_pb_text admin_label=&#8221;Agradecimentos&#8221; _builder_version=&#8221;4.27.4&#8243; _module_preset=&#8221;af543a65-a510-4d5a-bd0e-f29b21297a1d&#8221; header_2_text_align_tablet=&#8221;center&#8221; header_2_text_align_phone=&#8221;center&#8221; header_2_text_align_last_edited=&#8221;on|tablet&#8221; text_orientation_tablet=&#8221;center&#8221; text_orientation_phone=&#8221;center&#8221; text_orientation_last_edited=&#8221;on|desktop&#8221; global_colors_info=&#8221;{}&#8221;]<\/p>\n<h2><strong>ACKNOWLEDGMENTS<\/strong><\/h2>\n<p>[\/et_pb_text][et_pb_text admin_label=&#8221;Texto&#8221; _builder_version=&#8221;4.27.4&#8243; _module_preset=&#8221;af543a65-a510-4d5a-bd0e-f29b21297a1d&#8221; custom_margin=&#8221;30px||0px||false|false&#8221; global_colors_info=&#8221;{}&#8221;]<\/p>\n<p>ModaLisboa would like to thank:<\/p>\n<p>The Mayor of Lisbon, Eng. Carlos Moedas.<\/p>\n<p>Alberto Laplaine Guimar\u00e3es, Ana Eug\u00e9nia In\u00e1cio, Ana Mata, Catarina Duarte, Catarina F\u00e9lix, C\u00e1tia Montenegro, Celeste Reis, Chefe Jos\u00e9 Martins, Comiss\u00e1rio Jos\u00e9 Gil, Cristina Coelho, Cristina Costa, Cristina Moita, David Monteiro, Elisabete Brito, Gabriela Seara, Gra\u00e7a Soares, Isabel Magalh\u00e3es, Isabel Niny, Jo\u00e3o Oliveira e Silva, Jo\u00e3o Pedro Pereira, Jorge Cruz, Jorge Matos, Jos\u00e9 Augusto Silva, Jos\u00e9 Sande, Jos\u00e9 Pais, J\u00falio Sequeira, Laurentina Pereira, Louren\u00e7o Jardim de Oliveira, Lu\u00edsa Teixeira, Marina Gon\u00e7alves, Manuel Rocha, Manuela Azevedo, Manuela Martins, Margarida Ferro, Marta Rodrigues, Oct\u00e1vio Gon\u00e7alves, Patr\u00edcia Santos, Paula Carpinteiro, Paula Levy, Paulo Pimenta, Patr\u00edcia Casaca, Patr\u00edcia Santos, Pedro Oliveira, Ros\u00e1rio Melo, Rui Arenga, Rui Lourido, Sofia Godinho and Teresa Akslen from the Municipality of Lisbon.<\/p>\n<p>Carlos Abade, L\u00eddia Monteiro, Soraia Azevedo, Jo\u00e3o Mateus from Visit Portugal.<\/p>\n<p>V\u00edtor Costa, Paula Oliveira, V\u00edtor Carri\u00e7o and Carmo Botelho from Lisbon Tourism Association. Rodolfo Dur\u00e3o and Bruno Prates from Lismarketing.<\/p>\n<p>B\u00e1rbara Coutinho, Bruno Castro, Pedro Oliveira e Sofia Alves, Cristina Gomes, Cristina Duarte from MUDE &#8211; Museum of Design.<\/p>\n<p>Ambassador Claudio Miscia, Simone Salvatore, Rita Marrone, and Gaja Ravasini from the Embassy of Italy.<\/p>\n<p>Jo\u00e3o Rego from Palacete Gomes Freire. Catarina Andrade and S\u00e9rgio Andrade from Moldo Studios.<\/p>\n<p>Alexandre Castanheira, Alexandre Franco, Alice Braz\u00e3o, Alberto Verdes, Ana Catarina Silva, Ana Moreira, Ana Oliveira, Anastasia Bilous, Andr\u00e9 Ivo, Ant\u00f3nia Rosa, Ant\u00f3nio Cust\u00f3dio, Best Models, Bizaction, Broomtec, Bruno Reffel, Burel Factory, Calvelex, Camila Mila, Carlos F\u00e9lix, Carlos Malta, Carlota Pires de Almeida, Carmo Afonso, Carolina Correia, Carolina Gama, Carolina Morais, Carolina Rainho, Carolina Santos, Carolina Santos (Alameda Turquesa), Catarina Almeida, Catarina Eduardo, Casper Films, C\u00e9lia Alves, C\u00e9lia F\u00e9lix, Central Models, C\u00e9sar Ara\u00fajo, Cl\u00e1udia Almeida Silva, Cl\u00e1udia Fazenda, Cl\u00e1udia Nunes, Cl\u00e1udia Sim\u00f5es, Contracoutura, Da Banda, Daiena D\u00e2maso, Daniel Matos Fernandes, Daniela Nascimento, Diogo Faial, Duarte Rente, Eduarda Abbondanza, Eduarda Olivieri, Eduardo Estrela, EGEAC, Elisabete Guerreiro, Elite Lisbon, Eus\u00e9bio&amp;Rodrigues, F\u00e1bio Silva, Fabrics4Fashion, Face Models, Fashion Studio, F\u00e1tima Barros, F\u00e1tima Sobrinho, Federico Cina, Federico Poletti, Fernando Bastos Pereira, Filipa Homem, Filipa Vaz, Francisca Cabral, Francisca Delgado, Francisco Vasconcelos, FX Roadlights, Gabriela Vasconcelos, Ganesh, Gon\u00e7alo Guiomar, Graziela Sousa, Groove Digital, Guilherme Prata, Guta Moura Guedes, HAVAS Lisboa, Helena Vaz Pereira, Helibrando Videira, H\u00e9lo\u00efse Mar\u00e9chal, Henrique Gon\u00e7alves, Henrique Pinheiro, Herlander Carvalho, Hugo Pedroso, IED \u2013 Istituto Europeo di Design, In\u00eas Marques, In\u00eas Oritg\u00e3o, In\u00eas Pereira, In\u00eas Vital Morgado, In\u00eas Zinho Pinheiro, In\u00eas Veiga, Irina Chitas, Isabel Costa, Isabel Santos, Isadora Hon\u00f3rio, Jo\u00e3o Diogo Rogado, Jo\u00e3o Esteves, Jo\u00e3o Pedro Soares, Jo\u00e3o Pedro Padinha, Jo\u00e3o Rosa, Joana Jorge, Joana Cunha, Joana Lopes, Jorge Ginja, Jorge Marques, Jos\u00e9 Mota Leal, Jos\u00e9 Pinto, Jos\u00e9 Reizinho, Just Models, Karacter Agency, KNOWHO, L\u2019Agence, Laura Baptista, L\u00edgia Gon\u00e7alves, Locke, Lu\u00eds Gala, Lu\u00eds Miguel Fonseca, Lu\u00eds Pereira, Lu\u00eds Pinto, Lu\u00eds Silva, Madalena Begonha, Manuel Lopes Teixeira, Manuela Oliveira, Marco Amaral, Margarida Botelho, Margarida Braga, Margarida Paiva, Maria Jo\u00e3o Ramos, Maria Stoer, Mariana Matos, Mariana Garcia, Mariana Teixeira, Mariana Torres, Marisa Martins, Marta Batista, Marta Cruz Lemos, Marta Mimoso, Martim Fevereiro, Mateus da Cunha, MCatering, Miguel \u00c2ngelo, Miguel Flor, Moving Pictures, Nazar\u00e9 Carvalho, Nuno Lobo, Nuno Mendes, Nuno Paiva, Nuno Sousa Martins, Olga Noronha, Paradise Streets, Patr\u00edcia Borges, Patr\u00edcia Costa, Paulo Gon\u00e7alves, Paulo Gon\u00e7alves (Ameno), Pedro Brito, Pedro Carvalho, Pedro Curto, Pedro Figueiredo, Pedro Reis, Pinkplate, Raquel R\u00e9sio, RDD Textiles, Ricardo Costa, Ricardo Gomes, Ricardo Nogueira, Riopele, Rita Gomes, Rita Neves, Rita Rolex, Rodrigo Delgado, Rodrigo Gomes, Rodrigo Oliveira, Rodolfo Morgado, Rui Maria P\u00eago, Rui Rodrigues, Samuel Antunes, Sara Albuquerque, Sea Agency, Seaside, Showpress, Simple Way, Sofia Amaral Coelho, Sofia Carvalho, Sofia Matos Ribeiro, Sofia Raimundo, Sofia Tavares de Carvalho, TerceiraSegur, Thaina Correa, Thibauld Claisse, Tiago Bastos Nunes, Tiago de Sousa, TIRP, Ugo Camera, Vasco Carvalho, Victor Neves Ferreira, V\u00edtor Machado, We Are Models, World Academy, Xana Guerra.<\/p>\n<p>To all our friends who have collaborated with us throughout every edition, to the Designers, to all Fashion professionals, volunteers, and the many hundreds of people involved in making this great event possible.<\/p>\n<p>[\/et_pb_text][\/et_pb_column][\/et_pb_row][\/et_pb_section]<\/p>\n","protected":false},"excerpt":{"rendered":"<p>Welcome | ModaLisboa Base<\/p>\n","protected":false},"author":2,"featured_media":0,"parent":172010,"menu_order":1,"comment_status":"closed","ping_status":"closed","template":"","meta":{"_acf_changed":false,"_et_pb_use_builder":"on","_et_pb_old_content":"","_et_gb_content_width":"","inline_featured_image":false,"footnotes":""},"class_list":["post-172026","page","type-page","status-publish","hentry"],"acf":[],"_links":{"self":[{"href":"https:\/\/modalisboa.pt\/en\/wp-json\/wp\/v2\/pages\/172026","targetHints":{"allow":["GET"]}}],"collection":[{"href":"https:\/\/modalisboa.pt\/en\/wp-json\/wp\/v2\/pages"}],"about":[{"href":"https:\/\/modalisboa.pt\/en\/wp-json\/wp\/v2\/types\/page"}],"author":[{"embeddable":true,"href":"https:\/\/modalisboa.pt\/en\/wp-json\/wp\/v2\/users\/2"}],"replies":[{"embeddable":true,"href":"https:\/\/modalisboa.pt\/en\/wp-json\/wp\/v2\/comments?post=172026"}],"version-history":[{"count":11,"href":"https:\/\/modalisboa.pt\/en\/wp-json\/wp\/v2\/pages\/172026\/revisions"}],"predecessor-version":[{"id":179894,"href":"https:\/\/modalisboa.pt\/en\/wp-json\/wp\/v2\/pages\/172026\/revisions\/179894"}],"up":[{"embeddable":true,"href":"https:\/\/modalisboa.pt\/en\/wp-json\/wp\/v2\/pages\/172010"}],"wp:attachment":[{"href":"https:\/\/modalisboa.pt\/en\/wp-json\/wp\/v2\/media?parent=172026"}],"curies":[{"name":"wp","href":"https:\/\/api.w.org\/{rel}","templated":true}]}}