{"id":23034,"date":"2023-07-12T08:43:05","date_gmt":"2023-07-12T08:43:05","guid":{"rendered":"https:\/\/modalisboa.pt\/?page_id=23034"},"modified":"2023-07-12T09:06:55","modified_gmt":"2023-07-12T09:06:55","slug":"modalisboa-newsletter","status":"publish","type":"page","link":"https:\/\/modalisboa.pt\/en\/modalisboa-newsletter\/","title":{"rendered":"ModaLisboa Newsletter"},"content":{"rendered":"<p>[et_pb_section fb_built=&#8221;1&#8243; admin_label=&#8221;Sec\u00e7\u00e3o | Newsletter&#8221; _builder_version=&#8221;4.19.5&#8243; _module_preset=&#8221;default&#8221; hover_enabled=&#8221;0&#8243; da_disable_devices=&#8221;off|off|off&#8221; border_width_bottom=&#8221;10px&#8221; border_color_bottom=&#8221;#FFFFFF&#8221; locked=&#8221;off&#8221; collapsed=&#8221;off&#8221; global_colors_info=&#8221;{}&#8221; module_id=&#8221;newsletter&#8221; sticky_enabled=&#8221;0&#8243; da_is_popup=&#8221;off&#8221; da_exit_intent=&#8221;off&#8221; da_has_close=&#8221;on&#8221; da_alt_close=&#8221;off&#8221; da_dark_close=&#8221;off&#8221; da_not_modal=&#8221;on&#8221; da_is_singular=&#8221;off&#8221; da_with_loader=&#8221;off&#8221; da_has_shadow=&#8221;on&#8221;][et_pb_row admin_label=&#8221;Linha | T\u00edtulo&#8221; _builder_version=&#8221;4.19.5&#8243; _module_preset=&#8221;default&#8221; background_color=&#8221;#F3F3F3&#8243; custom_margin=&#8221;50px||50px||true|false&#8221; custom_padding=&#8221;100px|30px|100px|30px|true|true&#8221; global_colors_info=&#8221;{}&#8221;][et_pb_column type=&#8221;4_4&#8243; _builder_version=&#8221;4.16&#8243; _module_preset=&#8221;default&#8221; global_colors_info=&#8221;{}&#8221;][et_pb_text admin_label=&#8221;T\u00edtulo Sec\u00e7\u00e3o | Newsletter&#8221; _builder_version=&#8221;4.19.5&#8243; _module_preset=&#8221;af543a65-a510-4d5a-bd0e-f29b21297a1d&#8221; text_text_color=&#8221;#1C1C1B&#8221; header_2_text_color=&#8221;#1C1C1B&#8221; global_colors_info=&#8221;{}&#8221;]<\/p>\n<h2>NEWSLETTER<\/h2>\n<p>[\/et_pb_text][et_pb_text admin_label=&#8221;Texto | Newsletter&#8221; _builder_version=&#8221;4.19.5&#8243; _module_preset=&#8221;af543a65-a510-4d5a-bd0e-f29b21297a1d&#8221; text_text_color=&#8221;#000000&#8243; header_3_text_color=&#8221;#1C1C1B&#8221; custom_margin=&#8221;||25px||false|false&#8221; locked=&#8221;off&#8221; global_colors_info=&#8221;{}&#8221;]<\/p>\n<h3>\u2014 New content from our Designers and creative community.<\/h3>\n<p>[\/et_pb_text][et_pb_text admin_label=&#8221;Shortcode | Newsletter&#8221; _builder_version=&#8221;4.19.5&#8243; _module_preset=&#8221;_initial&#8221; text_text_color=&#8221;#1C1C1B&#8221; link_text_color=&#8221;#1C1C1B&#8221; custom_padding=&#8221;5px||5px||true|false&#8221; locked=&#8221;off&#8221; global_colors_info=&#8221;{}&#8221;]<div class=\"tnp tnp-subscription-minimal  \"><form action=\"https:\/\/modalisboa.pt\/wp-admin\/admin-ajax.php?action=tnp&amp;na=s\" method=\"post\" style=\"text-align: center\"><input type=\"hidden\" name=\"nr\" value=\"minimal\">\n<input type=\"hidden\" name=\"nlang\" value=\"en\">\n<input class=\"tnp-email\" type=\"email\" required name=\"ne\" value=\"\" placeholder=\"Email\"><input class=\"tnp-submit\" type=\"submit\" value=\"Subscribe\" style=\"\">\n<div class=\"tnp-field tnp-privacy-field\"><label><input type=\"checkbox\" name=\"ny\" required class=\"tnp-privacy\"> <a target=\"_blank\" href=\"https:\/\/modalisboa.pt\/en\/modalisboa\/privacy-policy\/\">By subscribing you are accepting our Privacy Policy<\/a><\/label><\/div><\/form><\/div>\n[\/et_pb_text][\/et_pb_column][\/et_pb_row][\/et_pb_section]<\/p>\n","protected":false},"excerpt":{"rendered":"<p>NEWSLETTER\u2014 New content from our Designers and creative community.<div class=\"tnp tnp-subscription-minimal  \"><form action=\"https:\/\/modalisboa.pt\/wp-admin\/admin-ajax.php?action=tnp&amp;na=s\" method=\"post\" style=\"text-align: center\"><input type=\"hidden\" name=\"nr\" value=\"minimal\">\n<input type=\"hidden\" name=\"nlang\" value=\"en\">\n<input class=\"tnp-email\" type=\"email\" required name=\"ne\" value=\"\" placeholder=\"Email\"><input class=\"tnp-submit\" type=\"submit\" value=\"Subscribe\" style=\"\">\n<div class=\"tnp-field tnp-privacy-field\"><label><input type=\"checkbox\" name=\"ny\" required class=\"tnp-privacy\"> <a target=\"_blank\" href=\"https:\/\/modalisboa.pt\/en\/modalisboa\/privacy-policy\/\">By subscribing you are accepting our Privacy Policy<\/a><\/label><\/div><\/form><\/div>\n<\/p>\n","protected":false},"author":1,"featured_media":0,"parent":0,"menu_order":13,"comment_status":"closed","ping_status":"closed","template":"","meta":{"_acf_changed":false,"_et_pb_use_builder":"on","_et_pb_old_content":"[et_pb_section fb_built=\"1\" admin_label=\"Sec\u00e7\u00e3o | Newsletter\" _builder_version=\"4.19.5\" _module_preset=\"default\" da_disable_devices=\"off|off|off\" border_width_bottom=\"10px\" border_color_bottom=\"#FFFFFF\" locked=\"off\" collapsed=\"off\" global_colors_info=\"{}\" da_is_popup=\"off\" da_exit_intent=\"off\" da_has_close=\"on\" da_alt_close=\"off\" da_dark_close=\"off\" da_not_modal=\"on\" da_is_singular=\"off\" da_with_loader=\"off\" da_has_shadow=\"on\"][et_pb_row admin_label=\"Linha | T\u00edtulo\" _builder_version=\"4.19.5\" _module_preset=\"default\" custom_padding=\"100px|30px|100px|30px|true|true\" global_colors_info=\"{}\" background_color=\"#F3F3F3\" custom_margin=\"50px||50px||true|false\"][et_pb_column type=\"4_4\" _builder_version=\"4.16\" _module_preset=\"default\" global_colors_info=\"{}\"][et_pb_text admin_label=\"T\u00edtulo Sec\u00e7\u00e3o | Newsletter\" _builder_version=\"4.19.5\" _module_preset=\"af543a65-a510-4d5a-bd0e-f29b21297a1d\" text_text_color=\"#1C1C1B\" header_2_text_color=\"#1C1C1B\" global_colors_info=\"{}\"]<h2>NEWSLETTER<\/h2>[\/et_pb_text][et_pb_text admin_label=\"Texto | Newsletter\" _builder_version=\"4.19.5\" _module_preset=\"af543a65-a510-4d5a-bd0e-f29b21297a1d\" text_text_color=\"#000000\" header_3_text_color=\"#1C1C1B\" custom_margin=\"||25px||false|false\" locked=\"off\" global_colors_info=\"{}\"]<h3>\u2014 Saiba o que h\u00e1 de novo sobre os nossos designers e a nossa comunidade criativa.<\/h3>[\/et_pb_text][et_pb_text admin_label=\"Shortcode | Newsletter\" _builder_version=\"4.19.5\" _module_preset=\"_initial\" text_text_color=\"#1C1C1B\" link_text_color=\"#1C1C1B\" custom_padding=\"5px||5px||true|false\" global_colors_info=\"{}\" locked=\"off\"][newsletter_form type=\"minimal\"][\/et_pb_text][\/et_pb_column][\/et_pb_row][\/et_pb_section]","_et_gb_content_width":"","inline_featured_image":false,"footnotes":""},"class_list":["post-23034","page","type-page","status-publish","hentry"],"acf":[],"_links":{"self":[{"href":"https:\/\/modalisboa.pt\/en\/wp-json\/wp\/v2\/pages\/23034","targetHints":{"allow":["GET"]}}],"collection":[{"href":"https:\/\/modalisboa.pt\/en\/wp-json\/wp\/v2\/pages"}],"about":[{"href":"https:\/\/modalisboa.pt\/en\/wp-json\/wp\/v2\/types\/page"}],"author":[{"embeddable":true,"href":"https:\/\/modalisboa.pt\/en\/wp-json\/wp\/v2\/users\/1"}],"replies":[{"embeddable":true,"href":"https:\/\/modalisboa.pt\/en\/wp-json\/wp\/v2\/comments?post=23034"}],"version-history":[{"count":3,"href":"https:\/\/modalisboa.pt\/en\/wp-json\/wp\/v2\/pages\/23034\/revisions"}],"predecessor-version":[{"id":23037,"href":"https:\/\/modalisboa.pt\/en\/wp-json\/wp\/v2\/pages\/23034\/revisions\/23037"}],"wp:attachment":[{"href":"https:\/\/modalisboa.pt\/en\/wp-json\/wp\/v2\/media?parent=23034"}],"curies":[{"name":"wp","href":"https:\/\/api.w.org\/{rel}","templated":true}]}}