{"id":5805,"date":"2022-04-14T14:33:51","date_gmt":"2022-04-14T14:33:51","guid":{"rendered":"https:\/\/modalisboa.pt\/?page_id=5805"},"modified":"2026-01-20T18:50:01","modified_gmt":"2026-01-20T18:50:01","slug":"contacts","status":"publish","type":"page","link":"https:\/\/modalisboa.pt\/en\/contacts\/","title":{"rendered":"Contacts"},"content":{"rendered":"<p>[et_pb_section fb_built=&#8221;1&#8243; admin_label=&#8221;APP TOP SECTION&#8221; module_id=&#8221;app-contact-top-section&#8221; _builder_version=&#8221;4.19.5&#8243; _module_preset=&#8221;default&#8221; background_color=&#8221;#003bfe&#8221; da_disable_devices=&#8221;off|off|off&#8221; locked=&#8221;off&#8221; global_colors_info=&#8221;{}&#8221; da_is_popup=&#8221;off&#8221; da_exit_intent=&#8221;off&#8221; da_has_close=&#8221;on&#8221; da_alt_close=&#8221;off&#8221; da_dark_close=&#8221;off&#8221; da_not_modal=&#8221;on&#8221; da_is_singular=&#8221;off&#8221; da_with_loader=&#8221;off&#8221; da_has_shadow=&#8221;on&#8221;][et_pb_row _builder_version=&#8221;4.19.5&#8243; _module_preset=&#8221;default&#8221; global_colors_info=&#8221;{}&#8221;][et_pb_column type=&#8221;4_4&#8243; _builder_version=&#8221;4.19.5&#8243; _module_preset=&#8221;default&#8221; global_colors_info=&#8221;{}&#8221;][et_pb_text _builder_version=&#8221;4.19.5&#8243; _module_preset=&#8221;default&#8221; text_text_color=&#8221;#FFFFFF&#8221; text_orientation=&#8221;center&#8221; global_colors_info=&#8221;{}&#8221;]<\/p>\n<h2>ASSOCIA\u00c7\u00c3O MODALISBOA<\/h2>\n<div class=\"info\">\n<p>Conhe\u00e7a melhor a miss\u00e3o e projetos da Associa\u00e7\u00e3o.<\/p>\n<p><a href=\"https:\/\/modalisboa.pt\/en\/\"><strong>SABER MAIS<\/strong><\/a><\/p>\n<p>&nbsp;<\/p>\n<\/div>\n<p>[\/et_pb_text][\/et_pb_column][\/et_pb_row][\/et_pb_section][et_pb_section fb_built=&#8221;1&#8243; _builder_version=&#8221;4.16&#8243; _module_preset=&#8221;default&#8221; da_disable_devices=&#8221;off|off|off&#8221; saved_tabs=&#8221;all&#8221; global_colors_info=&#8221;{}&#8221; da_is_popup=&#8221;off&#8221; da_exit_intent=&#8221;off&#8221; da_has_close=&#8221;on&#8221; da_alt_close=&#8221;off&#8221; da_dark_close=&#8221;off&#8221; da_not_modal=&#8221;on&#8221; da_is_singular=&#8221;off&#8221; da_with_loader=&#8221;off&#8221; da_has_shadow=&#8221;on&#8221;][et_pb_row _builder_version=&#8221;4.16&#8243; _module_preset=&#8221;default&#8221; width=&#8221;70%&#8221; width_tablet=&#8221;85%&#8221; width_phone=&#8221;85%&#8221; width_last_edited=&#8221;on|phone&#8221; max_width=&#8221;2560px&#8221; global_colors_info=&#8221;{}&#8221;][et_pb_column type=&#8221;4_4&#8243; _builder_version=&#8221;4.16&#8243; _module_preset=&#8221;default&#8221; global_colors_info=&#8221;{}&#8221;][et_pb_text admin_label=&#8221;Contacts&#8221; _builder_version=&#8221;4.27.4&#8243; _module_preset=&#8221;33236e06-5bec-4152-86cd-dbde186f9e55&#8243; global_colors_info=&#8221;{}&#8221;]<\/p>\n<h2>Contacts<\/h2>\n<p>[\/et_pb_text][\/et_pb_column][\/et_pb_row][et_pb_row column_structure=&#8221;1_2,1_2&#8243; use_custom_gutter=&#8221;on&#8221; gutter_width=&#8221;2&#8243; _builder_version=&#8221;4.16&#8243; _module_preset=&#8221;default&#8221; width=&#8221;70%&#8221; width_tablet=&#8221;85%&#8221; width_phone=&#8221;85%&#8221; width_last_edited=&#8221;on|phone&#8221; max_width=&#8221;2560px&#8221; global_colors_info=&#8221;{}&#8221;][et_pb_column type=&#8221;1_2&#8243; _builder_version=&#8221;4.16&#8243; _module_preset=&#8221;default&#8221; global_colors_info=&#8221;{}&#8221;][et_pb_text admin_label=&#8221;Associa\u00e7\u00e3o ModaLisboa&#8221; _builder_version=&#8221;4.27.4&#8243; _module_preset=&#8221;af543a65-a510-4d5a-bd0e-f29b21297a1d&#8221; global_colors_info=&#8221;{}&#8221;]<\/p>\n<h2>ASSOCIA\u00c7\u00c3O MODALISBOA<\/h2>\n<div class=\"info\">\n<p>Rua do Arsenal, 25<br \/>1100-038 Lisboa &#8211; Portugal<\/p>\n<p><strong>Tel: <\/strong>+351 21 321 30 00<br \/><strong>E-mail:\u00a0<\/strong><a href=\"mailto:modalisboa@modalisboa.pt\">modalisboa@modalisboa.pt<\/a><\/p>\n<p><strong>Opening Time:<br \/><\/strong>10h00 &#8211; 13h00 \/ 14h00 &#8211; 18h00<\/p>\n<\/div>\n<p>[\/et_pb_text][\/et_pb_column][et_pb_column type=&#8221;1_2&#8243; _builder_version=&#8221;4.16&#8243; _module_preset=&#8221;default&#8221; global_colors_info=&#8221;{}&#8221;][et_pb_text admin_label=&#8221;Porto Delegation&#8221; _builder_version=&#8221;4.27.4&#8243; _module_preset=&#8221;af543a65-a510-4d5a-bd0e-f29b21297a1d&#8221; global_colors_info=&#8221;{}&#8221;]<\/p>\n<h2>Porto Delegation<\/h2>\n<div class=\"info\">\n<p>Avenida da Boavista, n.\u00ba 3523<br \/>7\u00ba andar<br \/>4100-139 Porto &#8211; Portugal<\/p>\n<p><strong>Tel: <\/strong>+351 22 099 36 23<br \/><strong>E-mail:\u00a0<\/strong><a href=\"mailto:modalisboa.porto@modalisboa.pt\">modalisboa.porto@modalisboa.pt<\/a><\/p>\n<\/div>\n<p>[\/et_pb_text][\/et_pb_column][\/et_pb_row][et_pb_row _builder_version=&#8221;4.16&#8243; _module_preset=&#8221;default&#8221; width=&#8221;70%&#8221; width_tablet=&#8221;85%&#8221; width_phone=&#8221;85%&#8221; width_last_edited=&#8221;on|phone&#8221; max_width=&#8221;2560px&#8221; custom_padding=&#8221;||0px||false|false&#8221; global_colors_info=&#8221;{}&#8221;][et_pb_column type=&#8221;4_4&#8243; _builder_version=&#8221;4.16&#8243; _module_preset=&#8221;default&#8221; global_colors_info=&#8221;{}&#8221;][et_pb_text admin_label=&#8221;Team&#8221; _builder_version=&#8221;4.27.4&#8243; _module_preset=&#8221;af543a65-a510-4d5a-bd0e-f29b21297a1d&#8221; global_colors_info=&#8221;{}&#8221;]<\/p>\n<h2>Team<\/h2>\n<p>[\/et_pb_text][\/et_pb_column][\/et_pb_row][et_pb_row column_structure=&#8221;1_3,1_3,1_3&#8243; _builder_version=&#8221;4.16&#8243; _module_preset=&#8221;default&#8221; width=&#8221;70%&#8221; width_tablet=&#8221;85%&#8221; width_phone=&#8221;85%&#8221; width_last_edited=&#8221;on|phone&#8221; max_width=&#8221;2560px&#8221; custom_margin=&#8221;30px||||false|false&#8221; custom_padding=&#8221;0px||||false|false&#8221; global_colors_info=&#8221;{}&#8221;][et_pb_column type=&#8221;1_3&#8243; _builder_version=&#8221;4.16&#8243; _module_preset=&#8221;default&#8221; global_colors_info=&#8221;{}&#8221;][et_pb_text _builder_version=&#8221;4.27.4&#8243; _module_preset=&#8221;af543a65-a510-4d5a-bd0e-f29b21297a1d&#8221; header_3_font=&#8221;Inter|700||on|||||&#8221; hover_enabled=&#8221;0&#8243; global_colors_info=&#8221;{}&#8221; sticky_enabled=&#8221;0&#8243;]<\/p>\n<div class=\"contactos-departamento\">\n<h3>President \/ Creative Direction<\/h3>\n<p>Eduarda Abbondanza<\/p>\n<\/div>\n<div class=\"contactos-departamento\">\n<h3>Project Manager<\/h3>\n<p><a href=\"mailto:joana.jorge@modalisboa.pt\">Joana Jorge<\/a><\/p>\n<\/div>\n<div class=\"contactos-departamento\">\n<h3>Management Secretariat<\/h3>\n<p>F\u00e1tima Barros<\/p>\n<\/div>\n<div class=\"contactos-departamento\">\n<h3>Financial Direction<\/h3>\n<p>Pedro Carvalho<\/p>\n<\/div>\n<div class=\"contactos-departamento\">\n<h3>Commercial Direction \/ Sponsors<\/h3>\n<p><a href=\"mailto:celia.felix@modalisboa.pt\">C\u00e9lia Felix<\/a><\/p>\n<\/div>\n<p>[\/et_pb_text][\/et_pb_column][et_pb_column type=&#8221;1_3&#8243; _builder_version=&#8221;4.16&#8243; _module_preset=&#8221;default&#8221; global_colors_info=&#8221;{}&#8221;][et_pb_text _builder_version=&#8221;4.27.4&#8243; _module_preset=&#8221;af543a65-a510-4d5a-bd0e-f29b21297a1d&#8221; header_3_font=&#8221;Inter|700||on|||||&#8221; hover_enabled=&#8221;0&#8243; global_colors_info=&#8221;{}&#8221; sticky_enabled=&#8221;0&#8243;]<\/p>\n<div class=\"contactos-departamento\">\n<h3>Production Direction<\/h3>\n<p>In\u00eas Morgado<\/p>\n<\/div>\n<div class=\"contactos-departamento\">\n<h3>Communication and Press Office<\/h3>\n<p><a href=\"mailto:manuela.oliveira@modalisboa.pt\">Manuela Oliveira<\/a> (Coordination)<\/p>\n<p><a href=\"mailto:irina.chitas@modalisboa.pt\">Irina Chitas<\/a><\/p>\n<h3>Social Media<\/h3>\n<p><a href=\"mailto:goncalo.santos@modalisboa.pt\">Gon\u00e7alo Santos<\/a><\/p>\n<h3>Website<\/h3>\n<p><a href=\"mailto:claudia.nunes@modalisboa.pt\">Cl\u00e1udia Nunes<\/a><\/p>\n<\/div>\n<p>[\/et_pb_text][\/et_pb_column][et_pb_column type=&#8221;1_3&#8243; _builder_version=&#8221;4.16&#8243; _module_preset=&#8221;default&#8221; global_colors_info=&#8221;{}&#8221;][et_pb_text _builder_version=&#8221;4.27.4&#8243; _module_preset=&#8221;af543a65-a510-4d5a-bd0e-f29b21297a1d&#8221; header_3_font=&#8221;Inter|700||on|||||&#8221; hover_enabled=&#8221;0&#8243; locked=&#8221;off&#8221; global_colors_info=&#8221;{}&#8221; sticky_enabled=&#8221;0&#8243;]<\/p>\n<div class=\"contactos-departamento\">\n<h3>International Press Office<\/h3>\n<p><a href=\"mailto:ligia.goncalves@modalisboa.pt\">L\u00edgia Gon\u00e7alves<\/a><\/p>\n<\/div>\n<div class=\"contactos-departamento\">\n<h3><strong>Sangue Novo Competition<\/strong><\/h3>\n<p><a href=\"mailto:sangue.novo@modalisboa.pt\">Cl\u00e1udia Nunes<\/a><\/p>\n<\/div>\n<div class=\"contactos-departamento\">\n<h3><strong>Special Projects<\/strong><\/h3>\n<p>Rita Rolex<\/p>\n<p><a href=\"mailto:graziela.sousa@modalisboa.pt\">Graziela Sousa<\/a><\/p>\n<\/div>\n<p>[\/et_pb_text][et_pb_text admin_label=&#8221;Social Media&#8221; _builder_version=&#8221;4.27.4&#8243; _module_preset=&#8221;default&#8221; link_text_color=&#8221;#1C1C1B&#8221; link_font_size=&#8221;20px&#8221; custom_margin=&#8221;50px||||false|false&#8221; global_colors_info=&#8221;{}&#8221;]<\/p>\n<p><span style=\"font-family: 'ETmodules'!important;\"><a style=\"margin-right: 10px;\" href=\"https:\/\/www.instagram.com\/lisboafashionweek\/\" target=\"_blank\" rel=\"noopener\">\ue09a<\/a><a style=\"margin-right: 10px;\" href=\"https:\/\/www.facebook.com\/ModaLisboa\/\" target=\"_blank\" rel=\"noopener\"> \ue093 <\/a> <a style=\"margin-right: 10px;\" href=\"https:\/\/vimeo.com\/modalisboa\" target=\"_blank\" rel=\"noopener\">\ue09c<\/a> <a href=\"https:\/\/twitter.com\/modalisboa\" target=\"_blank\" rel=\"noopener\"> \ue094<\/a><\/span><\/p>\n<p>[\/et_pb_text][\/et_pb_column][\/et_pb_row][\/et_pb_section]<\/p>\n","protected":false},"excerpt":{"rendered":"<p>ASSOCIA\u00c7\u00c3O MODALISBOA Conhe\u00e7a melhor a miss\u00e3o e projetos da Associa\u00e7\u00e3o. SABER MAIS &nbsp; ContactsASSOCIA\u00c7\u00c3O MODALISBOA Rua do Arsenal, 251100-038 Lisboa &#8211; Portugal Tel: +351 21 321 30 00E-mail:\u00a0modalisboa@modalisboa.pt Opening Time:10h00 &#8211; 13h00 \/ 14h00 &#8211; 18h00 Porto Delegation Avenida da Boavista, n.\u00ba 35237\u00ba andar4100-139 Porto &#8211; Portugal Tel: +351 22 099 36 23E-mail:\u00a0modalisboa.porto@modalisboa.pt Team President \/ Creative Direction Eduarda Abbondanza Project Manager Joana Jorge Management Secretariat F\u00e1tima Barros Financial Direction Pedro Carvalho Commercial Direction \/ Sponsors C\u00e9lia Felix Production Direction In\u00eas Morgado Communication and Press Office Manuela Oliveira (Coordination) Irina Chitas Social Media Gon\u00e7alo Santos Website Cl\u00e1udia Nunes International Press Office L\u00edgia Gon\u00e7alves Sangue Novo Competition Cl\u00e1udia Nunes Special Projects Rita Rolex Graziela Sousa \ue09a \ue093 \ue09c \ue094<\/p>\n","protected":false},"author":1,"featured_media":0,"parent":0,"menu_order":9,"comment_status":"closed","ping_status":"closed","template":"","meta":{"_acf_changed":false,"_et_pb_use_builder":"on","_et_pb_old_content":"[et_pb_section fb_built=\"1\" _builder_version=\"4.15.1\" _module_preset=\"default\" da_disable_devices=\"off|off|off\" global_module=\"2999\" saved_tabs=\"all\" global_colors_info=\"{}\" da_is_popup=\"off\" da_exit_intent=\"off\" da_has_close=\"on\" da_alt_close=\"off\" da_dark_close=\"off\" da_not_modal=\"on\" da_is_singular=\"off\" da_with_loader=\"off\" da_has_shadow=\"on\"][et_pb_row _builder_version=\"4.15.1\" _module_preset=\"default\" width=\"70%\" width_tablet=\"85%\" width_phone=\"85%\" width_last_edited=\"on|phone\" max_width=\"2560px\" global_colors_info=\"{}\"][et_pb_column type=\"4_4\" _builder_version=\"4.15.1\" _module_preset=\"default\" global_colors_info=\"{}\"][et_pb_text _builder_version=\"4.15.1\" _module_preset=\"33236e06-5bec-4152-86cd-dbde186f9e55\" global_colors_info=\"{}\"]<h2>Contactos<\/h2>[\/et_pb_text][\/et_pb_column][\/et_pb_row][et_pb_row column_structure=\"1_2,1_2\" use_custom_gutter=\"on\" gutter_width=\"2\" _builder_version=\"4.15.1\" _module_preset=\"default\" width=\"70%\" width_tablet=\"85%\" width_phone=\"85%\" width_last_edited=\"on|phone\" max_width=\"2560px\" global_colors_info=\"{}\"][et_pb_column type=\"1_2\" _builder_version=\"4.15.1\" _module_preset=\"default\" global_colors_info=\"{}\"][et_pb_text _builder_version=\"4.15.1\" _module_preset=\"af543a65-a510-4d5a-bd0e-f29b21297a1d\" global_colors_info=\"{}\"]<h2>ASSOCIA\u00c7\u00c3O MODALISBOA<\/h2>\r\n<div class=\"info\">\r\n<p>Rua do Arsenal, 25<br \/>1100-038 Lisboa<\/p>\r\n<p><strong>Tel:\u00a0<\/strong>21 321 30 00<br \/><strong>E-mail:\u00a0<\/strong><a href=\"mailto:modalisboa@modalisboa.pt\">modalisboa@modalisboa.pt<\/a><\/p>\r\n<p><strong>Hor\u00e1rio de funcionamento:<br \/><\/strong>10h00 - 13h00 \/ 14h00 - 18h00<\/p>\r\n<\/div>[\/et_pb_text][\/et_pb_column][et_pb_column type=\"1_2\" _builder_version=\"4.15.1\" _module_preset=\"default\" global_colors_info=\"{}\"][et_pb_text _builder_version=\"4.15.1\" _module_preset=\"af543a65-a510-4d5a-bd0e-f29b21297a1d\" global_colors_info=\"{}\"]<h2>Delega\u00e7\u00e3o do Porto<\/h2>\r\n<div class=\"info\">\r\n<p>Avenida da Boavista, n.\u00ba 3523<br \/>7\u00ba andar<br \/>4100-139 Porto<\/p>\r\n<p><strong>Tel:\u00a0<\/strong>22 099 36 23<br \/><strong>E-mail:\u00a0<\/strong><a href=\"mailto:modalisboa.porto@modalisboa.pt\">modalisboa.porto@modalisboa.pt<\/a><\/p>\r\n<\/div>[\/et_pb_text][\/et_pb_column][\/et_pb_row][et_pb_row _builder_version=\"4.15.1\" _module_preset=\"default\" width=\"70%\" width_tablet=\"85%\" width_phone=\"85%\" width_last_edited=\"on|phone\" max_width=\"2560px\" custom_padding=\"||0px||false|false\" global_colors_info=\"{}\"][et_pb_column type=\"4_4\" _builder_version=\"4.15.1\" _module_preset=\"default\" global_colors_info=\"{}\"][et_pb_text _builder_version=\"4.15.1\" _module_preset=\"af543a65-a510-4d5a-bd0e-f29b21297a1d\" global_colors_info=\"{}\"]<h2>Equipa<\/h2>[\/et_pb_text][\/et_pb_column][\/et_pb_row][et_pb_row column_structure=\"1_3,1_3,1_3\" _builder_version=\"4.15.1\" _module_preset=\"default\" width=\"70%\" width_tablet=\"85%\" width_phone=\"85%\" width_last_edited=\"on|phone\" max_width=\"2560px\" custom_margin=\"30px||||false|false\" custom_padding=\"0px||||false|false\" global_colors_info=\"{}\"][et_pb_column type=\"1_3\" _builder_version=\"4.15.1\" _module_preset=\"default\" global_colors_info=\"{}\"][et_pb_text _builder_version=\"4.15.1\" _module_preset=\"af543a65-a510-4d5a-bd0e-f29b21297a1d\" header_3_font=\"Inter|700||on|||||\" global_colors_info=\"{}\"]<div class = \"contactos-departamento\">\r\n<h3>Presid\u00eancia \/ Dire\u00e7\u00e3o criativa<\/h3>\r\n<p>Eduarda Abbondanza<\/p>\r\n<\/div>\r\n<div class = \"contactos-departamento\">\r\n<h3>Dire\u00e7\u00e3o de Projeto<\/h3>\r\n<p>Joana Jorge<br \/><a href=\"mailto:joana.jorge@modalisboa.pt\">joana.jorge@modalisboa.pt<\/a><\/p>\r\n<\/div>\r\n<div class = \"contactos-departamento\">\r\n<h3>Secretariado de Dire\u00e7\u00e3o<\/h3>\r\n<p>F\u00e1tima Barros<\/p>\r\n<\/div>\r\n<div class = \"contactos-departamento\">\r\n<h3>Dire\u00e7\u00e3o Financeira<\/h3>\r\n<p>Pedro Carvalho assistido por Sofia Barreto<\/p>\r\n<\/div>\r\n<div class = \"contactos-departamento\">\r\n<h3>Dire\u00e7\u00e3o Comercial \/ Patroc\u00ednios<\/h3>\r\n<p>C\u00e9lia Felix<br \/><a href=\"mailto:celia.felix@modalisboa.pt\">celia.felix@modalisboa.pt<\/a><a href=\"mailto:leonor.diniz@modalisboa.pt\">\u00a0<\/a><\/p>\r\n<\/div>[\/et_pb_text][\/et_pb_column][et_pb_column type=\"1_3\" _builder_version=\"4.15.1\" _module_preset=\"default\" global_colors_info=\"{}\"][et_pb_text _builder_version=\"4.15.1\" _module_preset=\"af543a65-a510-4d5a-bd0e-f29b21297a1d\" header_3_font=\"Inter|700||on|||||\" global_colors_info=\"{}\"]<div class=\"contactos-departamento\">\r\n<h3>Dire\u00e7\u00e3o de Produ\u00e7\u00e3o<\/h3>\r\n<p><span>In\u00eas Morgado<\/span><br \/><a href=\"mailto:dir.producao@modalisboa.pt\">dir.producao@modalisboa.pt \u00a0<\/a><\/p>\r\n<\/div>\r\n<div class=\"contactos-departamento\">\r\n<h3>Gabinete de imprensa e comunica\u00e7\u00e3o<\/h3>\r\n<p>Manuela Oliveira<br \/><a href=\"mailto:manuela.oliveira@modalisboa.pt\">manuela.oliveira@modalisboa.pt<\/a><\/p>\r\n<p>Ant\u00f3nio Cust\u00f3dio<br \/><a href=\"mailto:antonio.custodio@modalisboa.pt\">antonio.custodio@modalisboa.pt<\/a><\/p>\r\n<p>Irina Chitas<br \/><a href=\"mailto:irina.chitas@modalisboa.pt\">irina.chitas@modalisboa.pt<\/a><\/p>\r\n<\/div>\r\n<div class=\"contactos-departamento\">\r\n<h3>Comunica\u00e7\u00e3o online<\/h3>\r\n<p>Cl\u00e1udia Nunes<br \/><a href=\"mailto:claudia.nunes@modalisboa.pt\">claudia.nunes@modalisboa.pt<\/a><\/p>\r\n<\/div>[\/et_pb_text][\/et_pb_column][et_pb_column type=\"1_3\" _builder_version=\"4.15.1\" _module_preset=\"default\" global_colors_info=\"{}\"][et_pb_text _builder_version=\"4.15.1\" _module_preset=\"af543a65-a510-4d5a-bd0e-f29b21297a1d\" header_3_font=\"Inter|700||on|||||\" locked=\"off\" global_colors_info=\"{}\"]<div class = \"contactos-departamento\">\r\n<h3>Gabinete de imprensa internacional<\/h3>\r\n<p>Ligia Gon\u00e7alves<br \/>\r\n<a href=\"mailto:ligia.goncalves@modalisboa.pt\">ligia.goncalves@modalisboa.pt<\/a><\/div>\r\n<div class = \"contactos-departamento\">\r\n<h3><strong>Concurso Sangue Novo<\/strong><\/h3>\r\n<p>Cl\u00e1udia Nunes<br \/>\r\n<a href=\"mailto:sangue.novo@modalisboa.pt\">sangue.novo@modalisboa.pt<\/a><\/div>\r\n<div class = \"contactos-departamento\">\r\n<h3><strong>Projetos especiais<\/strong><strong>\u00a0<\/strong><\/h3>\r\n<p>Rita Rolex<\/p>\r\n<p>Graziela Sousa<br \/>\r\n<a href=\"mailto:graziela.sousa@modalisboa.pt\">graziela.sousa@modalisboa.pt<\/a><\/div>[\/et_pb_text][et_pb_text _builder_version=\"4.15.1\" _module_preset=\"default\" link_text_color=\"#1C1C1B\" link_font_size=\"20px\" custom_margin=\"50px||||false|false\" global_colors_info=\"{}\"]<p><span><span style=\"font-family: 'ETmodules'!important;\"><a style=\"margin-right: 10px;\" href=\"https:\/\/www.instagram.com\/lisboafashionweek\/\" target=\"_blank\" rel=\"noopener\">\ue09a<\/a><a style=\"margin-right: 10px;\" href=\"https:\/\/www.facebook.com\/ModaLisboa\/\" target=\"_blank\" rel=\"noopener\"> \ue093 <\/a> <a style=\"margin-right: 10px;\" href=\"https:\/\/vimeo.com\/modalisboa\" target=\"_blank\" rel=\"noopener\">\ue09c<\/a> <a href=\"https:\/\/twitter.com\/modalisboa\" target=\"_blank\" rel=\"noopener\"> \ue094<\/a><\/span><\/span><\/p>[\/et_pb_text][\/et_pb_column][\/et_pb_row][\/et_pb_section]","_et_gb_content_width":"","inline_featured_image":false,"footnotes":""},"class_list":["post-5805","page","type-page","status-publish","hentry"],"acf":[],"_links":{"self":[{"href":"https:\/\/modalisboa.pt\/en\/wp-json\/wp\/v2\/pages\/5805","targetHints":{"allow":["GET"]}}],"collection":[{"href":"https:\/\/modalisboa.pt\/en\/wp-json\/wp\/v2\/pages"}],"about":[{"href":"https:\/\/modalisboa.pt\/en\/wp-json\/wp\/v2\/types\/page"}],"author":[{"embeddable":true,"href":"https:\/\/modalisboa.pt\/en\/wp-json\/wp\/v2\/users\/1"}],"replies":[{"embeddable":true,"href":"https:\/\/modalisboa.pt\/en\/wp-json\/wp\/v2\/comments?post=5805"}],"version-history":[{"count":19,"href":"https:\/\/modalisboa.pt\/en\/wp-json\/wp\/v2\/pages\/5805\/revisions"}],"predecessor-version":[{"id":183157,"href":"https:\/\/modalisboa.pt\/en\/wp-json\/wp\/v2\/pages\/5805\/revisions\/183157"}],"wp:attachment":[{"href":"https:\/\/modalisboa.pt\/en\/wp-json\/wp\/v2\/media?parent=5805"}],"curies":[{"name":"wp","href":"https:\/\/api.w.org\/{rel}","templated":true}]}}