{"id":5808,"date":"2022-05-30T09:23:22","date_gmt":"2022-05-30T09:23:22","guid":{"rendered":"https:\/\/modalisboa.pt\/?page_id=5808"},"modified":"2023-03-06T00:13:52","modified_gmt":"2023-03-06T00:13:52","slug":"privacy-policy","status":"publish","type":"page","link":"https:\/\/modalisboa.pt\/en\/privacy-policy\/","title":{"rendered":"Privacy Policy"},"content":{"rendered":"<p>[et_pb_section fb_built=&#8221;1&#8243; _builder_version=&#8221;4.16&#8243; _module_preset=&#8221;default&#8221; da_disable_devices=&#8221;off|off|off&#8221; global_colors_info=&#8221;{}&#8221; da_is_popup=&#8221;off&#8221; da_exit_intent=&#8221;off&#8221; da_has_close=&#8221;on&#8221; da_alt_close=&#8221;off&#8221; da_dark_close=&#8221;off&#8221; da_not_modal=&#8221;on&#8221; da_is_singular=&#8221;off&#8221; da_with_loader=&#8221;off&#8221; da_has_shadow=&#8221;on&#8221;][et_pb_row _builder_version=&#8221;4.16&#8243; _module_preset=&#8221;default&#8221; width=&#8221;70%&#8221; width_tablet=&#8221;85%&#8221; width_phone=&#8221;85%&#8221; width_last_edited=&#8221;on|phone&#8221; max_width=&#8221;2560px&#8221; global_colors_info=&#8221;{}&#8221;][et_pb_column type=&#8221;4_4&#8243; _builder_version=&#8221;4.16&#8243; _module_preset=&#8221;default&#8221; global_colors_info=&#8221;{}&#8221;][et_pb_text admin_label=&#8221;Privacy Policy&#8221; _builder_version=&#8221;4.19.5&#8243; _module_preset=&#8221;af543a65-a510-4d5a-bd0e-f29b21297a1d&#8221; global_colors_info=&#8221;{}&#8221;]<\/p>\n<h2>Privacy Policy<\/h2>\n<p>[\/et_pb_text][et_pb_text _builder_version=&#8221;4.19.5&#8243; _module_preset=&#8221;af543a65-a510-4d5a-bd0e-f29b21297a1d&#8221; custom_margin=&#8221;30px||0px||false|false&#8221; global_colors_info=&#8221;{}&#8221;]<\/p>\n<p>Associa\u00e7\u00e3o ModaLisboa, located at Rua do Arsenal 25, in Lisboa, NIPC PT 503 752 274, is the entity in charge of collecting and handling your data.<\/p>\n<p>If you wish, you may, at any time, exercise your right to access, change, update and delete your data, as provided for in the General Data Protection Regulation.<\/p>\n<p>The protection, safety and privacy of your personal data are very important to Associa\u00e7\u00e3o ModaLisboa.<\/p>\n<p>[\/et_pb_text][\/et_pb_column][\/et_pb_row][et_pb_row _builder_version=&#8221;4.16&#8243; _module_preset=&#8221;default&#8221; width=&#8221;70%&#8221; width_tablet=&#8221;85%&#8221; width_phone=&#8221;85%&#8221; width_last_edited=&#8221;on|phone&#8221; max_width=&#8221;2560px&#8221; custom_margin=&#8221;50px||||false|false&#8221; custom_padding=&#8221;0px||||false|false&#8221; global_colors_info=&#8221;{}&#8221;][et_pb_column type=&#8221;4_4&#8243; _builder_version=&#8221;4.16&#8243; _module_preset=&#8221;default&#8221; global_colors_info=&#8221;{}&#8221;][et_pb_text _builder_version=&#8221;4.19.5&#8243; _module_preset=&#8221;af543a65-a510-4d5a-bd0e-f29b21297a1d&#8221; header_3_font=&#8221;Inter|700||on|||||&#8221; hover_enabled=&#8221;0&#8243; global_colors_info=&#8221;{}&#8221; sticky_enabled=&#8221;0&#8243;]<\/p>\n<h3>How do we gather your data?<\/h3>\n<p>Associa\u00e7\u00e3o ModaLisboa collects your data through the following platforms:<br \/>\u2013 Newsletter subscription on the website<br \/>\u2013 Registration on the ModaLisboa\u2019s mobile App<\/p>\n<h3>What data are gathered?<\/h3>\n<p>Identification and contact: name and e-mail, photograph and location. If you register through a social media, you authorize the social media to share some of your data with Associa\u00e7\u00e3o ModaLisboa. Registration with e-mail, we only collect name and e-mail address.<\/p>\n<h3>For what purposes do we gather your data?<\/h3>\n<p>Data are only gathered for the purposes indicated in the form you filled out, namely for sending our newsletter.<\/p>\n<h3>How do we secure your data?<\/h3>\n<p>All data that we collect are encrypted through an SSL security certificate.<\/p>\n<p>Data are stored on a database used exclusively by Associa\u00e7\u00e3o ModaLisboa. We continually monitor access to our information technology systems to prevent, detect and block any unauthorized use of your personal date.<\/p>\n<h3>Do we share your personal data?<\/h3>\n<p>Associa\u00e7\u00e3o ModaLisboa never shares your personal data with third parties.<\/p>\n<h3>For how long are data kept?<\/h3>\n<p>Associa\u00e7\u00e3o ModaLisboa keeps your data only as long as it is required to fulfil your request.<\/p>\n<h3>How can you change your consent or delete your data?<\/h3>\n<p>If you wish, you may, at any time, request the change or removal of your personal data, through the e-mail: <a href=\"mailto:modalisboa@modalisboa.pt\">modalisboa@modalisboa.pt<\/a><\/p>\n<p>To cancel the newsletter subscription, you may remove your e-mail by clicking \u201cUnsubscribe\u201d on any of the e-mails. Alternatively, you may, at any time, send an e-mail to <a href=\"http:\/\/maito:newsletter@modalisboa.pt\/\">newsletter@modalisboa.pt<\/a>\u00a0and we will answer you as soon as possible.<\/p>\n<h3>How can you contact us?<\/h3>\n<p>If you have any questions regarding the privacy and security of your data, you may contact us through our e-mail\u00a0<a href=\"http:\/\/maito:modalisboa@modalisboa.pt\/\">modalisboa@modalisboa.pt<\/a>, and we will reply as soon as possible.<\/p>\n<p>[\/et_pb_text][\/et_pb_column][\/et_pb_row][\/et_pb_section]<\/p>\n","protected":false},"excerpt":{"rendered":"<p>Privacy PolicyAssocia\u00e7\u00e3o ModaLisboa, located at Rua do Arsenal 25, in Lisboa, NIPC PT 503 752 274, is the entity in charge of collecting and handling your data. If you wish, you may, at any time, exercise your right to access, change, update and delete your data, as provided for in the General Data Protection Regulation. The protection, safety and privacy of your personal data are very important to Associa\u00e7\u00e3o ModaLisboa.How do we gather your data? Associa\u00e7\u00e3o ModaLisboa collects your data through the following platforms:\u2013 Newsletter subscription on the website\u2013 Registration on the ModaLisboa\u2019s mobile App What data are gathered? Identification and contact: name and e-mail, photograph and location. If you register through a social media, you authorize the social media to share some of your data with Associa\u00e7\u00e3o ModaLisboa. Registration with e-mail, we only collect name and e-mail address. For what purposes do we gather your data? Data are only gathered for the purposes indicated in the form you filled out, namely for sending our newsletter. How do we secure your data? All data that we collect are encrypted through an SSL security certificate. Data are stored on a database used exclusively by Associa\u00e7\u00e3o ModaLisboa. We continually monitor access to [&hellip;]<\/p>\n","protected":false},"author":1,"featured_media":0,"parent":0,"menu_order":10,"comment_status":"closed","ping_status":"closed","template":"","meta":{"_acf_changed":false,"_et_pb_use_builder":"on","_et_pb_old_content":"[et_pb_section fb_built=\"1\" _builder_version=\"4.15.1\" _module_preset=\"default\" da_disable_devices=\"off|off|off\" global_colors_info=\"{}\" theme_builder_area=\"post_content\" da_is_popup=\"off\" da_exit_intent=\"off\" da_has_close=\"on\" da_alt_close=\"off\" da_dark_close=\"off\" da_not_modal=\"on\" da_is_singular=\"off\" da_with_loader=\"off\" da_has_shadow=\"on\"][et_pb_row _builder_version=\"4.15.1\" _module_preset=\"default\" width=\"70%\" width_tablet=\"85%\" width_phone=\"85%\" width_last_edited=\"on|phone\" max_width=\"2560px\" global_colors_info=\"{}\" theme_builder_area=\"post_content\"][et_pb_column type=\"4_4\" _builder_version=\"4.15.1\" _module_preset=\"default\" global_colors_info=\"{}\" theme_builder_area=\"post_content\"][et_pb_text _builder_version=\"4.15.1\" _module_preset=\"af543a65-a510-4d5a-bd0e-f29b21297a1d\" global_colors_info=\"{}\" theme_builder_area=\"post_content\"]<h2>Pol\u00edtica de Privacidade<\/h2>[\/et_pb_text][et_pb_text _builder_version=\"4.15.1\" _module_preset=\"af543a65-a510-4d5a-bd0e-f29b21297a1d\" custom_margin=\"30px||0px||false|false\" global_colors_info=\"{}\" theme_builder_area=\"post_content\"]<p>A Associa\u00e7\u00e3o ModaLisboa, com sede na Rua do Arsenal n\u00ba 25, em Lisboa, contribuinte n.\u00ba 503 752 274, \u00e9 a entidade respons\u00e1vel pela recolha e tratamentos dos seus dados.<\/p>\r\n<p>Caso deseje, poder\u00e1, em qualquer momento, exercer o direito de acesso, altera\u00e7\u00e3o, atualiza\u00e7\u00e3o e elimina\u00e7\u00e3o dos seus dados, previsto na lei de Prote\u00e7\u00e3o de Dados de Car\u00e1ter Pessoal.<\/p>\r\n<p>A prote\u00e7\u00e3o, seguran\u00e7a e privacidade dos seus dados pessoais \u00e9 muito importante para a Associa\u00e7\u00e3o ModaLisboa.<\/p>[\/et_pb_text][\/et_pb_column][\/et_pb_row][et_pb_row _builder_version=\"4.15.1\" _module_preset=\"default\" width=\"70%\" width_tablet=\"85%\" width_phone=\"85%\" width_last_edited=\"on|phone\" max_width=\"2560px\" custom_margin=\"50px||||false|false\" custom_padding=\"0px||||false|false\" global_colors_info=\"{}\" theme_builder_area=\"post_content\"][et_pb_column type=\"4_4\" _builder_version=\"4.15.1\" _module_preset=\"default\" global_colors_info=\"{}\" theme_builder_area=\"post_content\"][et_pb_text _builder_version=\"4.15.1\" _module_preset=\"af543a65-a510-4d5a-bd0e-f29b21297a1d\" header_3_font=\"Inter|700||on|||||\" global_colors_info=\"{}\" theme_builder_area=\"post_content\"]<div class=\"contactos-departamento\">\r\n<h3><strong>Como \u00e9 que recolhemos os seus dados?<\/strong><\/h3>\r\n<p>Os dados ser\u00e3o recolhidos exclusivamente se preencher algum dos formul\u00e1rios do nosso site.<\/p>\r\n<\/div>\r\n<div class=\"contactos-departamento\">\r\n<h3><strong>Que dados s\u00e3o recolhidos?<\/strong><\/h3>\r\n<p>Os dados recolhidos s\u00e3o exatamente aqueles descritos em cada formul\u00e1rio. Pedimos sempre os dados m\u00ednimos de forma a assegurarmos resposta ao pedido.<\/p>\r\n<\/div>\r\n<div class=\"contactos-departamento\">\r\n<h3><strong>Como \u00e9 que mantemos os seus dados seguros?<\/strong><\/h3>\r\n<p>Todos os dados recolhidos s\u00e3o encriptados atrav\u00e9s da utiliza\u00e7\u00e3o de um certificado de seguran\u00e7a - SSL.<\/p>\r\n<p>Os dados s\u00e3o armazenados numa base de dados e utilizados exclusivamente pela Associa\u00e7\u00e3o ModaLisboa.<\/p>\r\n<p>Procedemos permanentemente \u00e0 monitoriza\u00e7\u00e3o dos acessos aos sistemas de tecnologias da informa\u00e7\u00e3o tendo em vista prevenir, detetar e impedir o uso indevido dos seus dados pessoais.<\/p>\r\n<\/div>\r\n<div class=\"contactos-departamento\">\r\n<h3><strong>Partilha dos seus dados pessoais<\/strong><\/h3>\r\n<p>A Associa\u00e7\u00e3o ModaLisboa n\u00e3o partilha, em momento algum, os seus dados pessoais com terceiros. A empresa 4ITFUTURE, respons\u00e1vel pela manuten\u00e7\u00e3o do website, ter\u00e1 igualmente acesso aos dados recolhidos e compromete-se a mant\u00ea-los confidenciais.<\/p>\r\n<\/div>\r\n<div class=\"contactos-departamento\">\r\n<h3><strong>Durante quanto tempo s\u00e3o mantidos os dados?<\/strong><\/h3>\r\n<p>A Associa\u00e7\u00e3o ModaLisboa apenas mant\u00e9m os seus dados durante o tempo necess\u00e1rio \u00e0 presta\u00e7\u00e3o do servi\u00e7o pretendido.<\/p>\r\n<\/div>\r\n<div class=\"contactos-departamento\">\r\n<h3><strong>Como \u00e9 que pode alterar o seu consentimento ou apagar os seus dados?<\/strong><\/h3>\r\n<p>Caso deseje, poder\u00e1, a qualquer momento, solicitar a altera\u00e7\u00e3o ou remo\u00e7\u00e3o dos seus dados pessoais, atrav\u00e9s do e-mail\u00a0<a href=\"mailto:modalisboa@modalisboa.pt\">modalisboa@modalisboa.pt<\/a><\/p>\r\n<p>Para efeitos de subscri\u00e7\u00e3o de newsletter, os utilizadores poder\u00e3o remover o seu e-mail clicando em \u201cCancele a sua subscri\u00e7\u00e3o\u201d, dispon\u00edvel em todos os e-mails. Em alternativa, poder\u00e1, qualquer momento, enviar um email para\u00a0<a href=\"mailto:newsletter@modalisboa.pt\">newsletter@modalisboa.pt<\/a>\u00a0com o seu pedido e responderemos com a m\u00e1xima brevidade.<\/p>\r\n<\/div>\r\n<div class=\"contactos-departamento\">\r\n<h3><strong>Como pode contactar-nos?<\/strong><\/h3>\r\n<p>Para qualquer quest\u00e3o relativa \u00e0 privacidade e seguran\u00e7a dos seus dados poder\u00e1 contactar-nos pelo email\u00a0<a href=\"mailto:modalisboa@modalisboa.pt\">modalisboa@modalisboa.pt<\/a>\u00a0e responderemos com a m\u00e1xima brevidade.<\/p>\r\n<\/div>[\/et_pb_text][\/et_pb_column][\/et_pb_row][\/et_pb_section]","_et_gb_content_width":"","inline_featured_image":false,"footnotes":""},"class_list":["post-5808","page","type-page","status-publish","hentry"],"acf":[],"_links":{"self":[{"href":"https:\/\/modalisboa.pt\/en\/wp-json\/wp\/v2\/pages\/5808","targetHints":{"allow":["GET"]}}],"collection":[{"href":"https:\/\/modalisboa.pt\/en\/wp-json\/wp\/v2\/pages"}],"about":[{"href":"https:\/\/modalisboa.pt\/en\/wp-json\/wp\/v2\/types\/page"}],"author":[{"embeddable":true,"href":"https:\/\/modalisboa.pt\/en\/wp-json\/wp\/v2\/users\/1"}],"replies":[{"embeddable":true,"href":"https:\/\/modalisboa.pt\/en\/wp-json\/wp\/v2\/comments?post=5808"}],"version-history":[{"count":8,"href":"https:\/\/modalisboa.pt\/en\/wp-json\/wp\/v2\/pages\/5808\/revisions"}],"predecessor-version":[{"id":14818,"href":"https:\/\/modalisboa.pt\/en\/wp-json\/wp\/v2\/pages\/5808\/revisions\/14818"}],"wp:attachment":[{"href":"https:\/\/modalisboa.pt\/en\/wp-json\/wp\/v2\/media?parent=5808"}],"curies":[{"name":"wp","href":"https:\/\/api.w.org\/{rel}","templated":true}]}}